{"id":7164,"date":"2020-11-23T15:04:22","date_gmt":"2020-11-23T20:04:22","guid":{"rendered":"https:\/\/esthetiquenovani.com\/?post_type=product&#038;p=7164"},"modified":"2026-01-06T17:19:40","modified_gmt":"2026-01-06T22:19:40","slug":"esthederm-e-v-e-serum-source","status":"publish","type":"product","link":"https:\/\/esthetiquenovani.com\/en\/boutique\/gammes\/esthederm-meilleures-cremes-anti-rides-estheticienne-longueuil\/3-serums-et-concentres\/esthederm-e-v-e-serum-source\/","title":{"rendered":"Esthederm &#8211; E.V.E. S\u00e9rum Source"},"content":{"rendered":"<p>EVE s\u00e9rum source est la cure supr\u00eame pour l\u2019am\u00e9lioration de la qualit\u00e9 de la peau, adapt\u00e9e aux besoins de toutes les peaux, \u00e0 chaque circonstance de la vie, dans tous les environnements.<\/p>\n","protected":false},"excerpt":{"rendered":"<p>EVE S\u00e9rum Source est le produit id\u00e9al pour am\u00e9liorer la qualit\u00e9 de la peau. Constitu\u00e9 d\u2019\u00c9l\u00e9ments Vitaux Essentiels naturellement pr\u00e9sents dans la peau, EVE s\u00e9rum permet \u00e0 la peau de retrouver sa tenue et sa qualit\u00e9 originelle.\u00a0 EVE s\u00e9rum offre un effet tenseur imm\u00e9diat qui r\u00e9tablit la tenue et am\u00e9liore la texture de la peau.<\/p>\n<div class=\"product__collapse \">\n<p>&nbsp;<\/p>\n<p class=\"h5\">CONSEILS D&#8217;APPLICATION &#8211; \u00c0 faire le soir avec la Brume d&#8217;eau cellulaire et le <a href=\"https:\/\/esthetiquenovani.com\/boutique\/gammes\/esthederm-meilleures-cremes-anti-rides-estheticienne-longueuil\/2-lotions-et-toniques\/esthederm-city-spray\/\">City Spray<\/a> pour de meilleurs r\u00e9sultats<\/p>\n<div id=\"benefits-dapplication\" class=\"product__collapse-panel\">\n<p>&nbsp;<\/p>\n<p>Cure en trois \u00e9tapes : Sur une peau parfaitement nettoy\u00e9e, vaporisez g\u00e9n\u00e9reusement (en faisant des &#8220;s&#8221;) le visage <a href=\"https:\/\/esthetiquenovani.com\/boutique\/gammes\/esthederm\/esthederm-brume-deau-cellulaire-200-ml\/\">d&#8217;Eau Cellulaire\u00a0<\/a>\u00a0 .\u00a0 Appliquez EVE S\u00e9rum Source par touches, \u00c9tirez de l\u2019int\u00e9rieur vers l\u2019ext\u00e9rieur du visage, sans masser. Laissez s\u00e9cher.\u00a0 Vaporisez de <a href=\"https:\/\/esthetiquenovani.com\/boutique\/type-de-produit\/corps\/solaire-corps\/esthederm-city-spray\/\">City Spray<\/a><\/p>\n<\/div>\n<\/div>\n","protected":false},"featured_media":7179,"template":"","meta":{"_et_pb_use_builder":"","_et_pb_old_content":"","_et_gb_content_width":""},"product_brand":[],"product_cat":[98,50,61,60,59],"product_tag":[],"class_list":{"0":"post-7164","1":"product","2":"type-product","3":"status-publish","4":"has-post-thumbnail","6":"product_cat-3-serums-et-concentres","7":"product_cat-esthederm-meilleures-cremes-anti-rides-estheticienne-longueuil","8":"product_cat-peaux-matures-et-perte-de-densite","9":"product_cat-rides-installees-et-perte-de-fermete","10":"product_cat-serums","12":"first","13":"instock","14":"taxable","15":"shipping-taxable","16":"purchasable","17":"product-type-simple"},"yoast_head":"<!-- This site is optimized with the Yoast SEO plugin v27.4 - https:\/\/yoast.com\/product\/yoast-seo-wordpress\/ -->\n<title>S\u00e9rum anti-\u00e2ge - Esthederm - exceptionnel, aide \u00e0 la cicatrisation, anti-ride<\/title>\n<meta name=\"description\" content=\"EVE s\u00e9rum source est la cure supr\u00eame pour l\u2019am\u00e9lioration de la qualit\u00e9 de la peau, adapt\u00e9e \u00e0 toutes les peaux, toute circonstance de la vie.\" \/>\n<meta name=\"robots\" content=\"index, follow, max-snippet:-1, max-image-preview:large, max-video-preview:-1\" \/>\n<link rel=\"canonical\" href=\"https:\/\/esthetiquenovani.com\/boutique\/gammes\/esthederm-meilleures-cremes-anti-rides-estheticienne-longueuil\/3-serums-et-concentres\/esthederm-e-v-e-serum-source\/\" \/>\n<meta property=\"og:locale\" content=\"en_US\" \/>\n<meta property=\"og:type\" content=\"article\" \/>\n<meta property=\"og:title\" content=\"S\u00e9rum anti-\u00e2ge - Esthederm - exceptionnel, aide \u00e0 la cicatrisation, anti-ride\" \/>\n<meta property=\"og:description\" content=\"EVE s\u00e9rum source est la cure supr\u00eame pour l\u2019am\u00e9lioration de la qualit\u00e9 de la peau, adapt\u00e9e \u00e0 toutes les peaux, toute circonstance de la vie.\" \/>\n<meta property=\"og:url\" content=\"https:\/\/esthetiquenovani.com\/boutique\/gammes\/esthederm-meilleures-cremes-anti-rides-estheticienne-longueuil\/3-serums-et-concentres\/esthederm-e-v-e-serum-source\/\" \/>\n<meta property=\"og:site_name\" content=\"Clinique d&#039;Esth&eacute;tique Novani\" \/>\n<meta property=\"article:publisher\" content=\"https:\/\/www.facebook.com\/esthetiquehturcotte\" \/>\n<meta property=\"article:modified_time\" content=\"2026-01-06T22:19:40+00:00\" \/>\n<meta property=\"og:image\" content=\"https:\/\/esthetiquenovani.com\/wp-content\/uploads\/2020\/11\/V9700_E.V.E_SERUM_SOURCE_3000x3000_OMBRE-700x700-1.jpg\" \/>\n\t<meta property=\"og:image:width\" content=\"700\" \/>\n\t<meta property=\"og:image:height\" content=\"700\" \/>\n\t<meta property=\"og:image:type\" content=\"image\/jpeg\" \/>\n<meta name=\"twitter:card\" content=\"summary_large_image\" \/>\n<meta name=\"twitter:label1\" content=\"Est. reading time\" \/>\n\t<meta name=\"twitter:data1\" content=\"1 minute\" \/>\n<script type=\"application\/ld+json\" class=\"yoast-schema-graph\">{\"@context\":\"https:\\\/\\\/schema.org\",\"@graph\":[{\"@type\":\"WebPage\",\"@id\":\"https:\\\/\\\/esthetiquenovani.com\\\/boutique\\\/gammes\\\/esthederm-meilleures-cremes-anti-rides-estheticienne-longueuil\\\/3-serums-et-concentres\\\/esthederm-e-v-e-serum-source\\\/\",\"url\":\"https:\\\/\\\/esthetiquenovani.com\\\/boutique\\\/gammes\\\/esthederm-meilleures-cremes-anti-rides-estheticienne-longueuil\\\/3-serums-et-concentres\\\/esthederm-e-v-e-serum-source\\\/\",\"name\":\"S\u00e9rum anti-\u00e2ge - Esthederm - exceptionnel, aide \u00e0 la cicatrisation, anti-ride\",\"isPartOf\":{\"@id\":\"https:\\\/\\\/esthetiquenovani.com\\\/#website\"},\"primaryImageOfPage\":{\"@id\":\"https:\\\/\\\/esthetiquenovani.com\\\/boutique\\\/gammes\\\/esthederm-meilleures-cremes-anti-rides-estheticienne-longueuil\\\/3-serums-et-concentres\\\/esthederm-e-v-e-serum-source\\\/#primaryimage\"},\"image\":{\"@id\":\"https:\\\/\\\/esthetiquenovani.com\\\/boutique\\\/gammes\\\/esthederm-meilleures-cremes-anti-rides-estheticienne-longueuil\\\/3-serums-et-concentres\\\/esthederm-e-v-e-serum-source\\\/#primaryimage\"},\"thumbnailUrl\":\"https:\\\/\\\/esthetiquenovani.com\\\/wp-content\\\/uploads\\\/2020\\\/11\\\/V9700_E.V.E_SERUM_SOURCE_3000x3000_OMBRE-700x700-1.jpg\",\"datePublished\":\"2020-11-23T20:04:22+00:00\",\"dateModified\":\"2026-01-06T22:19:40+00:00\",\"description\":\"EVE s\u00e9rum source est la cure supr\u00eame pour l\u2019am\u00e9lioration de la qualit\u00e9 de la peau, adapt\u00e9e \u00e0 toutes les peaux, toute circonstance de la vie.\",\"breadcrumb\":{\"@id\":\"https:\\\/\\\/esthetiquenovani.com\\\/boutique\\\/gammes\\\/esthederm-meilleures-cremes-anti-rides-estheticienne-longueuil\\\/3-serums-et-concentres\\\/esthederm-e-v-e-serum-source\\\/#breadcrumb\"},\"inLanguage\":\"en-US\",\"potentialAction\":[{\"@type\":\"ReadAction\",\"target\":[\"https:\\\/\\\/esthetiquenovani.com\\\/boutique\\\/gammes\\\/esthederm-meilleures-cremes-anti-rides-estheticienne-longueuil\\\/3-serums-et-concentres\\\/esthederm-e-v-e-serum-source\\\/\"]}]},{\"@type\":\"ImageObject\",\"inLanguage\":\"en-US\",\"@id\":\"https:\\\/\\\/esthetiquenovani.com\\\/boutique\\\/gammes\\\/esthederm-meilleures-cremes-anti-rides-estheticienne-longueuil\\\/3-serums-et-concentres\\\/esthederm-e-v-e-serum-source\\\/#primaryimage\",\"url\":\"https:\\\/\\\/esthetiquenovani.com\\\/wp-content\\\/uploads\\\/2020\\\/11\\\/V9700_E.V.E_SERUM_SOURCE_3000x3000_OMBRE-700x700-1.jpg\",\"contentUrl\":\"https:\\\/\\\/esthetiquenovani.com\\\/wp-content\\\/uploads\\\/2020\\\/11\\\/V9700_E.V.E_SERUM_SOURCE_3000x3000_OMBRE-700x700-1.jpg\",\"width\":\"700\",\"height\":\"700\",\"caption\":\"EVE s\u00e9rum source anti-\u00e2ge cicatrisant brevet unique au monde - esth\u00e9ticienne Longueuil\"},{\"@type\":\"BreadcrumbList\",\"@id\":\"https:\\\/\\\/esthetiquenovani.com\\\/boutique\\\/gammes\\\/esthederm-meilleures-cremes-anti-rides-estheticienne-longueuil\\\/3-serums-et-concentres\\\/esthederm-e-v-e-serum-source\\\/#breadcrumb\",\"itemListElement\":[{\"@type\":\"ListItem\",\"position\":1,\"name\":\"Accueil\",\"item\":\"https:\\\/\\\/esthetiquenovani.com\\\/en\\\/\"},{\"@type\":\"ListItem\",\"position\":2,\"name\":\"Boutique\",\"item\":\"https:\\\/\\\/esthetiquenovani.com\\\/boutique\\\/\"},{\"@type\":\"ListItem\",\"position\":3,\"name\":\"Esthederm &#8211; E.V.E. S\u00e9rum Source\"}]},{\"@type\":\"WebSite\",\"@id\":\"https:\\\/\\\/esthetiquenovani.com\\\/#website\",\"url\":\"https:\\\/\\\/esthetiquenovani.com\\\/\",\"name\":\"Clinique d'Esth&eacute;tique Novani\",\"description\":\"Brossard, Longueil &amp; Chambly\",\"publisher\":{\"@id\":\"https:\\\/\\\/esthetiquenovani.com\\\/#organization\"},\"potentialAction\":[{\"@type\":\"SearchAction\",\"target\":{\"@type\":\"EntryPoint\",\"urlTemplate\":\"https:\\\/\\\/esthetiquenovani.com\\\/?s={search_term_string}\"},\"query-input\":{\"@type\":\"PropertyValueSpecification\",\"valueRequired\":true,\"valueName\":\"search_term_string\"}}],\"inLanguage\":\"en-US\"},{\"@type\":\"Organization\",\"@id\":\"https:\\\/\\\/esthetiquenovani.com\\\/#organization\",\"name\":\"Esth\u00e9tique Huguette Turcotte\",\"url\":\"https:\\\/\\\/esthetiquenovani.com\\\/\",\"logo\":{\"@type\":\"ImageObject\",\"inLanguage\":\"en-US\",\"@id\":\"https:\\\/\\\/esthetiquenovani.com\\\/#\\\/schema\\\/logo\\\/image\\\/\",\"url\":\"https:\\\/\\\/esthetiquenovani.com\\\/wp-content\\\/uploads\\\/2018\\\/01\\\/qui-sommes-nous.jpg\",\"contentUrl\":\"https:\\\/\\\/esthetiquenovani.com\\\/wp-content\\\/uploads\\\/2018\\\/01\\\/qui-sommes-nous.jpg\",\"width\":637,\"height\":425,\"caption\":\"Esth\u00e9tique Huguette Turcotte\"},\"image\":{\"@id\":\"https:\\\/\\\/esthetiquenovani.com\\\/#\\\/schema\\\/logo\\\/image\\\/\"},\"sameAs\":[\"https:\\\/\\\/www.facebook.com\\\/esthetiquehturcotte\"]}]}<\/script>\n<!-- \/ Yoast SEO plugin. -->","yoast_head_json":{"title":"S\u00e9rum anti-\u00e2ge - Esthederm - exceptionnel, aide \u00e0 la cicatrisation, anti-ride","description":"EVE s\u00e9rum source est la cure supr\u00eame pour l\u2019am\u00e9lioration de la qualit\u00e9 de la peau, adapt\u00e9e \u00e0 toutes les peaux, toute circonstance de la vie.","robots":{"index":"index","follow":"follow","max-snippet":"max-snippet:-1","max-image-preview":"max-image-preview:large","max-video-preview":"max-video-preview:-1"},"canonical":"https:\/\/esthetiquenovani.com\/boutique\/gammes\/esthederm-meilleures-cremes-anti-rides-estheticienne-longueuil\/3-serums-et-concentres\/esthederm-e-v-e-serum-source\/","og_locale":"en_US","og_type":"article","og_title":"S\u00e9rum anti-\u00e2ge - Esthederm - exceptionnel, aide \u00e0 la cicatrisation, anti-ride","og_description":"EVE s\u00e9rum source est la cure supr\u00eame pour l\u2019am\u00e9lioration de la qualit\u00e9 de la peau, adapt\u00e9e \u00e0 toutes les peaux, toute circonstance de la vie.","og_url":"https:\/\/esthetiquenovani.com\/boutique\/gammes\/esthederm-meilleures-cremes-anti-rides-estheticienne-longueuil\/3-serums-et-concentres\/esthederm-e-v-e-serum-source\/","og_site_name":"Clinique d'Esth&eacute;tique Novani","article_publisher":"https:\/\/www.facebook.com\/esthetiquehturcotte","article_modified_time":"2026-01-06T22:19:40+00:00","og_image":[{"width":700,"height":700,"url":"https:\/\/esthetiquenovani.com\/wp-content\/uploads\/2020\/11\/V9700_E.V.E_SERUM_SOURCE_3000x3000_OMBRE-700x700-1.jpg","type":"image\/jpeg"}],"twitter_card":"summary_large_image","twitter_misc":{"Est. reading time":"1 minute"},"schema":{"@context":"https:\/\/schema.org","@graph":[{"@type":"WebPage","@id":"https:\/\/esthetiquenovani.com\/boutique\/gammes\/esthederm-meilleures-cremes-anti-rides-estheticienne-longueuil\/3-serums-et-concentres\/esthederm-e-v-e-serum-source\/","url":"https:\/\/esthetiquenovani.com\/boutique\/gammes\/esthederm-meilleures-cremes-anti-rides-estheticienne-longueuil\/3-serums-et-concentres\/esthederm-e-v-e-serum-source\/","name":"S\u00e9rum anti-\u00e2ge - Esthederm - exceptionnel, aide \u00e0 la cicatrisation, anti-ride","isPartOf":{"@id":"https:\/\/esthetiquenovani.com\/#website"},"primaryImageOfPage":{"@id":"https:\/\/esthetiquenovani.com\/boutique\/gammes\/esthederm-meilleures-cremes-anti-rides-estheticienne-longueuil\/3-serums-et-concentres\/esthederm-e-v-e-serum-source\/#primaryimage"},"image":{"@id":"https:\/\/esthetiquenovani.com\/boutique\/gammes\/esthederm-meilleures-cremes-anti-rides-estheticienne-longueuil\/3-serums-et-concentres\/esthederm-e-v-e-serum-source\/#primaryimage"},"thumbnailUrl":"https:\/\/esthetiquenovani.com\/wp-content\/uploads\/2020\/11\/V9700_E.V.E_SERUM_SOURCE_3000x3000_OMBRE-700x700-1.jpg","datePublished":"2020-11-23T20:04:22+00:00","dateModified":"2026-01-06T22:19:40+00:00","description":"EVE s\u00e9rum source est la cure supr\u00eame pour l\u2019am\u00e9lioration de la qualit\u00e9 de la peau, adapt\u00e9e \u00e0 toutes les peaux, toute circonstance de la vie.","breadcrumb":{"@id":"https:\/\/esthetiquenovani.com\/boutique\/gammes\/esthederm-meilleures-cremes-anti-rides-estheticienne-longueuil\/3-serums-et-concentres\/esthederm-e-v-e-serum-source\/#breadcrumb"},"inLanguage":"en-US","potentialAction":[{"@type":"ReadAction","target":["https:\/\/esthetiquenovani.com\/boutique\/gammes\/esthederm-meilleures-cremes-anti-rides-estheticienne-longueuil\/3-serums-et-concentres\/esthederm-e-v-e-serum-source\/"]}]},{"@type":"ImageObject","inLanguage":"en-US","@id":"https:\/\/esthetiquenovani.com\/boutique\/gammes\/esthederm-meilleures-cremes-anti-rides-estheticienne-longueuil\/3-serums-et-concentres\/esthederm-e-v-e-serum-source\/#primaryimage","url":"https:\/\/esthetiquenovani.com\/wp-content\/uploads\/2020\/11\/V9700_E.V.E_SERUM_SOURCE_3000x3000_OMBRE-700x700-1.jpg","contentUrl":"https:\/\/esthetiquenovani.com\/wp-content\/uploads\/2020\/11\/V9700_E.V.E_SERUM_SOURCE_3000x3000_OMBRE-700x700-1.jpg","width":"700","height":"700","caption":"EVE s\u00e9rum source anti-\u00e2ge cicatrisant brevet unique au monde - esth\u00e9ticienne Longueuil"},{"@type":"BreadcrumbList","@id":"https:\/\/esthetiquenovani.com\/boutique\/gammes\/esthederm-meilleures-cremes-anti-rides-estheticienne-longueuil\/3-serums-et-concentres\/esthederm-e-v-e-serum-source\/#breadcrumb","itemListElement":[{"@type":"ListItem","position":1,"name":"Accueil","item":"https:\/\/esthetiquenovani.com\/en\/"},{"@type":"ListItem","position":2,"name":"Boutique","item":"https:\/\/esthetiquenovani.com\/boutique\/"},{"@type":"ListItem","position":3,"name":"Esthederm &#8211; E.V.E. S\u00e9rum Source"}]},{"@type":"WebSite","@id":"https:\/\/esthetiquenovani.com\/#website","url":"https:\/\/esthetiquenovani.com\/","name":"Clinique d'Esth&eacute;tique Novani","description":"Brossard, Longueil &amp; Chambly","publisher":{"@id":"https:\/\/esthetiquenovani.com\/#organization"},"potentialAction":[{"@type":"SearchAction","target":{"@type":"EntryPoint","urlTemplate":"https:\/\/esthetiquenovani.com\/?s={search_term_string}"},"query-input":{"@type":"PropertyValueSpecification","valueRequired":true,"valueName":"search_term_string"}}],"inLanguage":"en-US"},{"@type":"Organization","@id":"https:\/\/esthetiquenovani.com\/#organization","name":"Esth\u00e9tique Huguette Turcotte","url":"https:\/\/esthetiquenovani.com\/","logo":{"@type":"ImageObject","inLanguage":"en-US","@id":"https:\/\/esthetiquenovani.com\/#\/schema\/logo\/image\/","url":"https:\/\/esthetiquenovani.com\/wp-content\/uploads\/2018\/01\/qui-sommes-nous.jpg","contentUrl":"https:\/\/esthetiquenovani.com\/wp-content\/uploads\/2018\/01\/qui-sommes-nous.jpg","width":637,"height":425,"caption":"Esth\u00e9tique Huguette Turcotte"},"image":{"@id":"https:\/\/esthetiquenovani.com\/#\/schema\/logo\/image\/"},"sameAs":["https:\/\/www.facebook.com\/esthetiquehturcotte"]}]}},"_links":{"self":[{"href":"https:\/\/esthetiquenovani.com\/en\/wp-json\/wp\/v2\/product\/7164","targetHints":{"allow":["GET"]}}],"collection":[{"href":"https:\/\/esthetiquenovani.com\/en\/wp-json\/wp\/v2\/product"}],"about":[{"href":"https:\/\/esthetiquenovani.com\/en\/wp-json\/wp\/v2\/types\/product"}],"wp:featuredmedia":[{"embeddable":true,"href":"https:\/\/esthetiquenovani.com\/en\/wp-json\/wp\/v2\/media\/7179"}],"wp:attachment":[{"href":"https:\/\/esthetiquenovani.com\/en\/wp-json\/wp\/v2\/media?parent=7164"}],"wp:term":[{"taxonomy":"product_brand","embeddable":true,"href":"https:\/\/esthetiquenovani.com\/en\/wp-json\/wp\/v2\/product_brand?post=7164"},{"taxonomy":"product_cat","embeddable":true,"href":"https:\/\/esthetiquenovani.com\/en\/wp-json\/wp\/v2\/product_cat?post=7164"},{"taxonomy":"product_tag","embeddable":true,"href":"https:\/\/esthetiquenovani.com\/en\/wp-json\/wp\/v2\/product_tag?post=7164"}],"curies":[{"name":"wp","href":"https:\/\/api.w.org\/{rel}","templated":true}]}}