{"id":7361,"date":"2020-12-07T21:39:40","date_gmt":"2020-12-08T02:39:40","guid":{"rendered":"https:\/\/esthetiquenovani.com\/?post_type=product&#038;p=7361"},"modified":"2026-02-05T09:50:05","modified_gmt":"2026-02-05T14:50:05","slug":"dr-renaud-nouveau-exfoliant-enzymatique-en-2-etapes-dermazyme","status":"publish","type":"product","link":"https:\/\/esthetiquenovani.com\/en\/boutique\/gammes\/laboratoire-dr-renaud\/2-exfoliants\/dr-renaud-nouveau-exfoliant-enzymatique-en-2-etapes-dermazyme\/","title":{"rendered":"Dr Renaud &#8211; Exfoliant enzymatique en 2 \u00e9tapes &#8211; DermaZyme"},"content":{"rendered":"","protected":false},"excerpt":{"rendered":"<p>Un exfoliant enzymatique tr\u00e8s doux en deux \u00e9tapes \u00e0 la formulation exceptionnelle. Non seulement il r\u00e9active l\u2019\u00e9clat et procure \u00e0 la peau un effet \u2018\u2019lifting\u2019\u2019 imm\u00e9diat, mais il est con\u00e7u pour le nettoyage profond des peaux les plus fragiles, incluant les peaux sensibles et celles \u00e0 tendance acn\u00e9ique.<\/p>\n<ul>\n<li>\u00c9limine les cellules mortes et les impuret\u00e9s \u00e0 la surface de l\u2019\u00e9piderme<\/li>\n<li>Estompe les rides et ridules<\/li>\n<li>Raffermit les tissus et tonifie l\u2019\u00e9piderme<\/li>\n<li>Estompe les rougeurs diffuses<\/li>\n<li>Sublime l\u2019apparence de la peau tout en r\u00e9v\u00e9lant l\u2019\u00e9clat du teint<\/li>\n<\/ul>\n<p>\u00c9TAPE 1 : Les enzymes s&#8217;activent au contact de la peau pour exfolier la peau \u00e0 la perfection.<br \/>\n\u00c9TAPE 2 : L&#8217;effervescence augmente significativement l\u2019efficacit\u00e9 des enzymes, stimule les \u00e9changes et dynamise profond\u00e9ment la peau. Un extrait de Moringa oleifera \u00e9limine toute trace de pollution. Les \u00c9TAPES 1 et 2 sont con\u00e7ues pour \u00eatre utilis\u00e9es conjointement et ne doivent pas \u00eatre utilis\u00e9es s\u00e9par\u00e9ment.<\/p>\n<p>Format de 2 X 30ml<\/p>\n","protected":false},"featured_media":8068,"template":"","meta":{"_et_pb_use_builder":"","_et_pb_old_content":"","_et_gb_content_width":""},"product_brand":[],"product_cat":[107,114,58,68,61,60,53],"product_tag":[],"class_list":{"0":"post-7361","1":"product","2":"type-product","3":"status-publish","4":"has-post-thumbnail","6":"product_cat-2-exfoliants","7":"product_cat-offres-speciales-laboratoire-dr-renaud","8":"product_cat-gommages-et-exfoliants","9":"product_cat-laboratoire-dr-renaud","10":"product_cat-peaux-matures-et-perte-de-densite","11":"product_cat-rides-installees-et-perte-de-fermete","12":"product_cat-taches-pigmentaires-et-teint-terne","14":"first","15":"instock","16":"taxable","17":"shipping-taxable","18":"purchasable","19":"product-type-simple"},"yoast_head":"<!-- This site is optimized with the Yoast SEO plugin v27.4 - https:\/\/yoast.com\/product\/yoast-seo-wordpress\/ -->\n<title>Laboratoire Dr Renaud | Exfoliant puissant | Esth\u00e9ticienne Longueuil<\/title>\n<meta name=\"description\" content=\"Un exfoliant enzymatique en 2 \u00e9tapes. formulation exceptionnelle. R\u00e9active l\u2019\u00e9clat et procure \u00e0 la peau un effet \u2018\u2019lifting\u2019\u2019 imm\u00e9diat.\" \/>\n<meta name=\"robots\" content=\"index, follow, max-snippet:-1, max-image-preview:large, max-video-preview:-1\" \/>\n<link rel=\"canonical\" href=\"https:\/\/esthetiquenovani.com\/boutique\/gammes\/laboratoire-dr-renaud\/2-exfoliants\/dr-renaud-nouveau-exfoliant-enzymatique-en-2-etapes-dermazyme\/\" \/>\n<meta property=\"og:locale\" content=\"en_US\" \/>\n<meta property=\"og:type\" content=\"article\" \/>\n<meta property=\"og:title\" content=\"Laboratoire Dr Renaud | Exfoliant puissant | Esth\u00e9ticienne Longueuil\" \/>\n<meta property=\"og:description\" content=\"Un exfoliant enzymatique en 2 \u00e9tapes. formulation exceptionnelle. R\u00e9active l\u2019\u00e9clat et procure \u00e0 la peau un effet \u2018\u2019lifting\u2019\u2019 imm\u00e9diat.\" \/>\n<meta property=\"og:url\" content=\"https:\/\/esthetiquenovani.com\/boutique\/gammes\/laboratoire-dr-renaud\/2-exfoliants\/dr-renaud-nouveau-exfoliant-enzymatique-en-2-etapes-dermazyme\/\" \/>\n<meta property=\"og:site_name\" content=\"Clinique d&#039;Esth&eacute;tique Novani\" \/>\n<meta property=\"article:publisher\" content=\"https:\/\/www.facebook.com\/esthetiquehturcotte\" \/>\n<meta property=\"article:modified_time\" content=\"2026-02-05T14:50:05+00:00\" \/>\n<meta property=\"og:image\" content=\"https:\/\/esthetiquenovani.com\/wp-content\/uploads\/2020\/12\/ExfoliantDermaZyme.png\" \/>\n\t<meta property=\"og:image:width\" content=\"1200\" \/>\n\t<meta property=\"og:image:height\" content=\"1200\" \/>\n\t<meta property=\"og:image:type\" content=\"image\/png\" \/>\n<meta name=\"twitter:card\" content=\"summary_large_image\" \/>\n<script type=\"application\/ld+json\" class=\"yoast-schema-graph\">{\"@context\":\"https:\\\/\\\/schema.org\",\"@graph\":[{\"@type\":\"WebPage\",\"@id\":\"https:\\\/\\\/esthetiquenovani.com\\\/boutique\\\/gammes\\\/laboratoire-dr-renaud\\\/2-exfoliants\\\/dr-renaud-nouveau-exfoliant-enzymatique-en-2-etapes-dermazyme\\\/\",\"url\":\"https:\\\/\\\/esthetiquenovani.com\\\/boutique\\\/gammes\\\/laboratoire-dr-renaud\\\/2-exfoliants\\\/dr-renaud-nouveau-exfoliant-enzymatique-en-2-etapes-dermazyme\\\/\",\"name\":\"Laboratoire Dr Renaud | Exfoliant puissant | Esth\u00e9ticienne Longueuil\",\"isPartOf\":{\"@id\":\"https:\\\/\\\/esthetiquenovani.com\\\/#website\"},\"primaryImageOfPage\":{\"@id\":\"https:\\\/\\\/esthetiquenovani.com\\\/boutique\\\/gammes\\\/laboratoire-dr-renaud\\\/2-exfoliants\\\/dr-renaud-nouveau-exfoliant-enzymatique-en-2-etapes-dermazyme\\\/#primaryimage\"},\"image\":{\"@id\":\"https:\\\/\\\/esthetiquenovani.com\\\/boutique\\\/gammes\\\/laboratoire-dr-renaud\\\/2-exfoliants\\\/dr-renaud-nouveau-exfoliant-enzymatique-en-2-etapes-dermazyme\\\/#primaryimage\"},\"thumbnailUrl\":\"https:\\\/\\\/esthetiquenovani.com\\\/wp-content\\\/uploads\\\/2020\\\/12\\\/ExfoliantDermaZyme.png\",\"datePublished\":\"2020-12-08T02:39:40+00:00\",\"dateModified\":\"2026-02-05T14:50:05+00:00\",\"description\":\"Un exfoliant enzymatique en 2 \u00e9tapes. formulation exceptionnelle. R\u00e9active l\u2019\u00e9clat et procure \u00e0 la peau un effet \u2018\u2019lifting\u2019\u2019 imm\u00e9diat.\",\"breadcrumb\":{\"@id\":\"https:\\\/\\\/esthetiquenovani.com\\\/boutique\\\/gammes\\\/laboratoire-dr-renaud\\\/2-exfoliants\\\/dr-renaud-nouveau-exfoliant-enzymatique-en-2-etapes-dermazyme\\\/#breadcrumb\"},\"inLanguage\":\"en-US\",\"potentialAction\":[{\"@type\":\"ReadAction\",\"target\":[\"https:\\\/\\\/esthetiquenovani.com\\\/boutique\\\/gammes\\\/laboratoire-dr-renaud\\\/2-exfoliants\\\/dr-renaud-nouveau-exfoliant-enzymatique-en-2-etapes-dermazyme\\\/\"]}]},{\"@type\":\"ImageObject\",\"inLanguage\":\"en-US\",\"@id\":\"https:\\\/\\\/esthetiquenovani.com\\\/boutique\\\/gammes\\\/laboratoire-dr-renaud\\\/2-exfoliants\\\/dr-renaud-nouveau-exfoliant-enzymatique-en-2-etapes-dermazyme\\\/#primaryimage\",\"url\":\"https:\\\/\\\/esthetiquenovani.com\\\/wp-content\\\/uploads\\\/2020\\\/12\\\/ExfoliantDermaZyme.png\",\"contentUrl\":\"https:\\\/\\\/esthetiquenovani.com\\\/wp-content\\\/uploads\\\/2020\\\/12\\\/ExfoliantDermaZyme.png\",\"width\":\"1200\",\"height\":\"1200\",\"caption\":\"Exfoliant anti-\u00e2ge puissant | Laboratoire Dr Renaud | Esth\u00e9ticienne Longueuil\"},{\"@type\":\"BreadcrumbList\",\"@id\":\"https:\\\/\\\/esthetiquenovani.com\\\/boutique\\\/gammes\\\/laboratoire-dr-renaud\\\/2-exfoliants\\\/dr-renaud-nouveau-exfoliant-enzymatique-en-2-etapes-dermazyme\\\/#breadcrumb\",\"itemListElement\":[{\"@type\":\"ListItem\",\"position\":1,\"name\":\"Accueil\",\"item\":\"https:\\\/\\\/esthetiquenovani.com\\\/en\\\/\"},{\"@type\":\"ListItem\",\"position\":2,\"name\":\"Boutique\",\"item\":\"https:\\\/\\\/esthetiquenovani.com\\\/boutique\\\/\"},{\"@type\":\"ListItem\",\"position\":3,\"name\":\"Dr Renaud &#8211; Exfoliant enzymatique en 2 \u00e9tapes &#8211; DermaZyme\"}]},{\"@type\":\"WebSite\",\"@id\":\"https:\\\/\\\/esthetiquenovani.com\\\/#website\",\"url\":\"https:\\\/\\\/esthetiquenovani.com\\\/\",\"name\":\"Clinique d'Esth&eacute;tique Novani\",\"description\":\"Brossard, Longueil &amp; Chambly\",\"publisher\":{\"@id\":\"https:\\\/\\\/esthetiquenovani.com\\\/#organization\"},\"potentialAction\":[{\"@type\":\"SearchAction\",\"target\":{\"@type\":\"EntryPoint\",\"urlTemplate\":\"https:\\\/\\\/esthetiquenovani.com\\\/?s={search_term_string}\"},\"query-input\":{\"@type\":\"PropertyValueSpecification\",\"valueRequired\":true,\"valueName\":\"search_term_string\"}}],\"inLanguage\":\"en-US\"},{\"@type\":\"Organization\",\"@id\":\"https:\\\/\\\/esthetiquenovani.com\\\/#organization\",\"name\":\"Esth\u00e9tique Huguette Turcotte\",\"url\":\"https:\\\/\\\/esthetiquenovani.com\\\/\",\"logo\":{\"@type\":\"ImageObject\",\"inLanguage\":\"en-US\",\"@id\":\"https:\\\/\\\/esthetiquenovani.com\\\/#\\\/schema\\\/logo\\\/image\\\/\",\"url\":\"https:\\\/\\\/esthetiquenovani.com\\\/wp-content\\\/uploads\\\/2018\\\/01\\\/qui-sommes-nous.jpg\",\"contentUrl\":\"https:\\\/\\\/esthetiquenovani.com\\\/wp-content\\\/uploads\\\/2018\\\/01\\\/qui-sommes-nous.jpg\",\"width\":637,\"height\":425,\"caption\":\"Esth\u00e9tique Huguette Turcotte\"},\"image\":{\"@id\":\"https:\\\/\\\/esthetiquenovani.com\\\/#\\\/schema\\\/logo\\\/image\\\/\"},\"sameAs\":[\"https:\\\/\\\/www.facebook.com\\\/esthetiquehturcotte\"]}]}<\/script>\n<!-- \/ Yoast SEO plugin. -->","yoast_head_json":{"title":"Laboratoire Dr Renaud | Exfoliant puissant | Esth\u00e9ticienne Longueuil","description":"Un exfoliant enzymatique en 2 \u00e9tapes. formulation exceptionnelle. R\u00e9active l\u2019\u00e9clat et procure \u00e0 la peau un effet \u2018\u2019lifting\u2019\u2019 imm\u00e9diat.","robots":{"index":"index","follow":"follow","max-snippet":"max-snippet:-1","max-image-preview":"max-image-preview:large","max-video-preview":"max-video-preview:-1"},"canonical":"https:\/\/esthetiquenovani.com\/boutique\/gammes\/laboratoire-dr-renaud\/2-exfoliants\/dr-renaud-nouveau-exfoliant-enzymatique-en-2-etapes-dermazyme\/","og_locale":"en_US","og_type":"article","og_title":"Laboratoire Dr Renaud | Exfoliant puissant | Esth\u00e9ticienne Longueuil","og_description":"Un exfoliant enzymatique en 2 \u00e9tapes. formulation exceptionnelle. R\u00e9active l\u2019\u00e9clat et procure \u00e0 la peau un effet \u2018\u2019lifting\u2019\u2019 imm\u00e9diat.","og_url":"https:\/\/esthetiquenovani.com\/boutique\/gammes\/laboratoire-dr-renaud\/2-exfoliants\/dr-renaud-nouveau-exfoliant-enzymatique-en-2-etapes-dermazyme\/","og_site_name":"Clinique d'Esth&eacute;tique Novani","article_publisher":"https:\/\/www.facebook.com\/esthetiquehturcotte","article_modified_time":"2026-02-05T14:50:05+00:00","og_image":[{"width":1200,"height":1200,"url":"https:\/\/esthetiquenovani.com\/wp-content\/uploads\/2020\/12\/ExfoliantDermaZyme.png","type":"image\/png"}],"twitter_card":"summary_large_image","schema":{"@context":"https:\/\/schema.org","@graph":[{"@type":"WebPage","@id":"https:\/\/esthetiquenovani.com\/boutique\/gammes\/laboratoire-dr-renaud\/2-exfoliants\/dr-renaud-nouveau-exfoliant-enzymatique-en-2-etapes-dermazyme\/","url":"https:\/\/esthetiquenovani.com\/boutique\/gammes\/laboratoire-dr-renaud\/2-exfoliants\/dr-renaud-nouveau-exfoliant-enzymatique-en-2-etapes-dermazyme\/","name":"Laboratoire Dr Renaud | Exfoliant puissant | Esth\u00e9ticienne Longueuil","isPartOf":{"@id":"https:\/\/esthetiquenovani.com\/#website"},"primaryImageOfPage":{"@id":"https:\/\/esthetiquenovani.com\/boutique\/gammes\/laboratoire-dr-renaud\/2-exfoliants\/dr-renaud-nouveau-exfoliant-enzymatique-en-2-etapes-dermazyme\/#primaryimage"},"image":{"@id":"https:\/\/esthetiquenovani.com\/boutique\/gammes\/laboratoire-dr-renaud\/2-exfoliants\/dr-renaud-nouveau-exfoliant-enzymatique-en-2-etapes-dermazyme\/#primaryimage"},"thumbnailUrl":"https:\/\/esthetiquenovani.com\/wp-content\/uploads\/2020\/12\/ExfoliantDermaZyme.png","datePublished":"2020-12-08T02:39:40+00:00","dateModified":"2026-02-05T14:50:05+00:00","description":"Un exfoliant enzymatique en 2 \u00e9tapes. formulation exceptionnelle. R\u00e9active l\u2019\u00e9clat et procure \u00e0 la peau un effet \u2018\u2019lifting\u2019\u2019 imm\u00e9diat.","breadcrumb":{"@id":"https:\/\/esthetiquenovani.com\/boutique\/gammes\/laboratoire-dr-renaud\/2-exfoliants\/dr-renaud-nouveau-exfoliant-enzymatique-en-2-etapes-dermazyme\/#breadcrumb"},"inLanguage":"en-US","potentialAction":[{"@type":"ReadAction","target":["https:\/\/esthetiquenovani.com\/boutique\/gammes\/laboratoire-dr-renaud\/2-exfoliants\/dr-renaud-nouveau-exfoliant-enzymatique-en-2-etapes-dermazyme\/"]}]},{"@type":"ImageObject","inLanguage":"en-US","@id":"https:\/\/esthetiquenovani.com\/boutique\/gammes\/laboratoire-dr-renaud\/2-exfoliants\/dr-renaud-nouveau-exfoliant-enzymatique-en-2-etapes-dermazyme\/#primaryimage","url":"https:\/\/esthetiquenovani.com\/wp-content\/uploads\/2020\/12\/ExfoliantDermaZyme.png","contentUrl":"https:\/\/esthetiquenovani.com\/wp-content\/uploads\/2020\/12\/ExfoliantDermaZyme.png","width":"1200","height":"1200","caption":"Exfoliant anti-\u00e2ge puissant | Laboratoire Dr Renaud | Esth\u00e9ticienne Longueuil"},{"@type":"BreadcrumbList","@id":"https:\/\/esthetiquenovani.com\/boutique\/gammes\/laboratoire-dr-renaud\/2-exfoliants\/dr-renaud-nouveau-exfoliant-enzymatique-en-2-etapes-dermazyme\/#breadcrumb","itemListElement":[{"@type":"ListItem","position":1,"name":"Accueil","item":"https:\/\/esthetiquenovani.com\/en\/"},{"@type":"ListItem","position":2,"name":"Boutique","item":"https:\/\/esthetiquenovani.com\/boutique\/"},{"@type":"ListItem","position":3,"name":"Dr Renaud &#8211; Exfoliant enzymatique en 2 \u00e9tapes &#8211; DermaZyme"}]},{"@type":"WebSite","@id":"https:\/\/esthetiquenovani.com\/#website","url":"https:\/\/esthetiquenovani.com\/","name":"Clinique d'Esth&eacute;tique Novani","description":"Brossard, Longueil &amp; Chambly","publisher":{"@id":"https:\/\/esthetiquenovani.com\/#organization"},"potentialAction":[{"@type":"SearchAction","target":{"@type":"EntryPoint","urlTemplate":"https:\/\/esthetiquenovani.com\/?s={search_term_string}"},"query-input":{"@type":"PropertyValueSpecification","valueRequired":true,"valueName":"search_term_string"}}],"inLanguage":"en-US"},{"@type":"Organization","@id":"https:\/\/esthetiquenovani.com\/#organization","name":"Esth\u00e9tique Huguette Turcotte","url":"https:\/\/esthetiquenovani.com\/","logo":{"@type":"ImageObject","inLanguage":"en-US","@id":"https:\/\/esthetiquenovani.com\/#\/schema\/logo\/image\/","url":"https:\/\/esthetiquenovani.com\/wp-content\/uploads\/2018\/01\/qui-sommes-nous.jpg","contentUrl":"https:\/\/esthetiquenovani.com\/wp-content\/uploads\/2018\/01\/qui-sommes-nous.jpg","width":637,"height":425,"caption":"Esth\u00e9tique Huguette Turcotte"},"image":{"@id":"https:\/\/esthetiquenovani.com\/#\/schema\/logo\/image\/"},"sameAs":["https:\/\/www.facebook.com\/esthetiquehturcotte"]}]}},"_links":{"self":[{"href":"https:\/\/esthetiquenovani.com\/en\/wp-json\/wp\/v2\/product\/7361","targetHints":{"allow":["GET"]}}],"collection":[{"href":"https:\/\/esthetiquenovani.com\/en\/wp-json\/wp\/v2\/product"}],"about":[{"href":"https:\/\/esthetiquenovani.com\/en\/wp-json\/wp\/v2\/types\/product"}],"wp:featuredmedia":[{"embeddable":true,"href":"https:\/\/esthetiquenovani.com\/en\/wp-json\/wp\/v2\/media\/8068"}],"wp:attachment":[{"href":"https:\/\/esthetiquenovani.com\/en\/wp-json\/wp\/v2\/media?parent=7361"}],"wp:term":[{"taxonomy":"product_brand","embeddable":true,"href":"https:\/\/esthetiquenovani.com\/en\/wp-json\/wp\/v2\/product_brand?post=7361"},{"taxonomy":"product_cat","embeddable":true,"href":"https:\/\/esthetiquenovani.com\/en\/wp-json\/wp\/v2\/product_cat?post=7361"},{"taxonomy":"product_tag","embeddable":true,"href":"https:\/\/esthetiquenovani.com\/en\/wp-json\/wp\/v2\/product_tag?post=7361"}],"curies":[{"name":"wp","href":"https:\/\/api.w.org\/{rel}","templated":true}]}}