{"id":7442,"date":"2021-01-28T22:27:56","date_gmt":"2021-01-29T03:27:56","guid":{"rendered":"https:\/\/esthetiquenovani.com\/?post_type=product&#038;p=7442"},"modified":"2026-02-05T09:57:53","modified_gmt":"2026-02-05T14:57:53","slug":"dr-renaud-double-action-protection-et-hydratation-extreme-plein-air","status":"publish","type":"product","link":"https:\/\/esthetiquenovani.com\/en\/boutique\/gammes\/laboratoire-dr-renaud\/4-cremes-de-jour-et-de-nuit\/dr-renaud-double-action-protection-et-hydratation-extreme-plein-air\/","title":{"rendered":"Dr Renaud &#8211;  Double Action \u2013 Protection et hydratation extr\u00eame plein air"},"content":{"rendered":"","protected":false},"excerpt":{"rendered":"<ul>\n<li>Prot\u00e8ge la peau des climats extr\u00eames<\/li>\n<li>Hydrate et pr\u00e9vient la d\u00e9shydratation<\/li>\n<li>Id\u00e9ale pour les sportifs et autres personnes devant s\u2019exposer au vent, au soleil ou au froid<\/li>\n<\/ul>\n<p>Cr\u00e8me de protection \u00ab\u2009plein air\u2009\u00bb par excellence de texture onctueuse, non parfum\u00e9e. Prot\u00e9geant efficacement la peau, sa formule est id\u00e9ale pour les sportifs adeptes d\u2019activit\u00e9s ext\u00e9rieures.<\/p>\n<p>N.B. En tout temps lors d\u2019activit\u00e9s de plein air, il est important de prot\u00e9ger la peau avec une cr\u00e8me contenant un facteur de protection solaire.<\/p>\n<table class=\"table\">\n<tbody>\n<tr>\n<td>Conseils d&#8217;utilisation<\/td>\n<td>Le matin, apr\u00e8s un nettoyage minutieux de la peau, appliquer une petite quantit\u00e9 sur le visage et le cou. Faire p\u00e9n\u00e9trer par de l\u00e9gers effleurages. Proc\u00e9der ensuite au maquillage si d\u00e9sir\u00e9.<\/td>\n<\/tr>\n<tr>\n<td>Format du produit<\/td>\n<td>50 ml<\/td>\n<\/tr>\n<\/tbody>\n<\/table>\n","protected":false},"featured_media":7444,"template":"","meta":{"_et_pb_use_builder":"","_et_pb_old_content":"","_et_gb_content_width":""},"product_brand":[],"product_cat":[109,62,51,68,48],"product_tag":[],"class_list":{"0":"post-7442","1":"product","2":"type-product","3":"status-publish","4":"has-post-thumbnail","6":"product_cat-4-cremes-de-jour-et-de-nuit","7":"product_cat-cremes","8":"product_cat-deshydratation-et-secheresse","9":"product_cat-laboratoire-dr-renaud","10":"product_cat-sensibilites-et-rougeurs","12":"first","13":"instock","14":"taxable","15":"shipping-taxable","16":"purchasable","17":"product-type-simple"},"yoast_head":"<!-- This site is optimized with the Yoast SEO plugin v27.4 - https:\/\/yoast.com\/product\/yoast-seo-wordpress\/ -->\n<title>Cr\u00e8me Protection et hydratation extr\u00eame plein air | Dr Renaud Longueuil<\/title>\n<meta name=\"description\" content=\"Prot\u00e8ge efficacement la peau, sa formule est id\u00e9ale pour les sportifs adeptes d\u2019activit\u00e9s ext\u00e9rieures. Tr\u00e8s hydratante\" \/>\n<meta name=\"robots\" content=\"index, follow, max-snippet:-1, max-image-preview:large, max-video-preview:-1\" \/>\n<link rel=\"canonical\" href=\"https:\/\/esthetiquenovani.com\/boutique\/gammes\/laboratoire-dr-renaud\/4-cremes-de-jour-et-de-nuit\/dr-renaud-double-action-protection-et-hydratation-extreme-plein-air\/\" \/>\n<meta property=\"og:locale\" content=\"en_US\" \/>\n<meta property=\"og:type\" content=\"article\" \/>\n<meta property=\"og:title\" content=\"Cr\u00e8me Protection et hydratation extr\u00eame plein air | Dr Renaud Longueuil\" \/>\n<meta property=\"og:description\" content=\"Prot\u00e8ge efficacement la peau, sa formule est id\u00e9ale pour les sportifs adeptes d\u2019activit\u00e9s ext\u00e9rieures. Tr\u00e8s hydratante\" \/>\n<meta property=\"og:url\" content=\"https:\/\/esthetiquenovani.com\/boutique\/gammes\/laboratoire-dr-renaud\/4-cremes-de-jour-et-de-nuit\/dr-renaud-double-action-protection-et-hydratation-extreme-plein-air\/\" \/>\n<meta property=\"og:site_name\" content=\"Clinique d&#039;Esth&eacute;tique Novani\" \/>\n<meta property=\"article:publisher\" content=\"https:\/\/www.facebook.com\/esthetiquehturcotte\" \/>\n<meta property=\"article:modified_time\" content=\"2026-02-05T14:57:53+00:00\" \/>\n<meta property=\"og:image\" content=\"https:\/\/esthetiquenovani.com\/wp-content\/uploads\/2021\/01\/10454-DoubleAction_50ml.jpg\" \/>\n\t<meta property=\"og:image:width\" content=\"1000\" \/>\n\t<meta property=\"og:image:height\" content=\"1000\" \/>\n\t<meta property=\"og:image:type\" content=\"image\/jpeg\" \/>\n<meta name=\"twitter:card\" content=\"summary_large_image\" \/>\n<script type=\"application\/ld+json\" class=\"yoast-schema-graph\">{\"@context\":\"https:\\\/\\\/schema.org\",\"@graph\":[{\"@type\":\"WebPage\",\"@id\":\"https:\\\/\\\/esthetiquenovani.com\\\/boutique\\\/gammes\\\/laboratoire-dr-renaud\\\/4-cremes-de-jour-et-de-nuit\\\/dr-renaud-double-action-protection-et-hydratation-extreme-plein-air\\\/\",\"url\":\"https:\\\/\\\/esthetiquenovani.com\\\/boutique\\\/gammes\\\/laboratoire-dr-renaud\\\/4-cremes-de-jour-et-de-nuit\\\/dr-renaud-double-action-protection-et-hydratation-extreme-plein-air\\\/\",\"name\":\"Cr\u00e8me Protection et hydratation extr\u00eame plein air | Dr Renaud Longueuil\",\"isPartOf\":{\"@id\":\"https:\\\/\\\/esthetiquenovani.com\\\/#website\"},\"primaryImageOfPage\":{\"@id\":\"https:\\\/\\\/esthetiquenovani.com\\\/boutique\\\/gammes\\\/laboratoire-dr-renaud\\\/4-cremes-de-jour-et-de-nuit\\\/dr-renaud-double-action-protection-et-hydratation-extreme-plein-air\\\/#primaryimage\"},\"image\":{\"@id\":\"https:\\\/\\\/esthetiquenovani.com\\\/boutique\\\/gammes\\\/laboratoire-dr-renaud\\\/4-cremes-de-jour-et-de-nuit\\\/dr-renaud-double-action-protection-et-hydratation-extreme-plein-air\\\/#primaryimage\"},\"thumbnailUrl\":\"https:\\\/\\\/esthetiquenovani.com\\\/wp-content\\\/uploads\\\/2021\\\/01\\\/10454-DoubleAction_50ml.jpg\",\"datePublished\":\"2021-01-29T03:27:56+00:00\",\"dateModified\":\"2026-02-05T14:57:53+00:00\",\"description\":\"Prot\u00e8ge efficacement la peau, sa formule est id\u00e9ale pour les sportifs adeptes d\u2019activit\u00e9s ext\u00e9rieures. Tr\u00e8s hydratante\",\"breadcrumb\":{\"@id\":\"https:\\\/\\\/esthetiquenovani.com\\\/boutique\\\/gammes\\\/laboratoire-dr-renaud\\\/4-cremes-de-jour-et-de-nuit\\\/dr-renaud-double-action-protection-et-hydratation-extreme-plein-air\\\/#breadcrumb\"},\"inLanguage\":\"en-US\",\"potentialAction\":[{\"@type\":\"ReadAction\",\"target\":[\"https:\\\/\\\/esthetiquenovani.com\\\/boutique\\\/gammes\\\/laboratoire-dr-renaud\\\/4-cremes-de-jour-et-de-nuit\\\/dr-renaud-double-action-protection-et-hydratation-extreme-plein-air\\\/\"]}]},{\"@type\":\"ImageObject\",\"inLanguage\":\"en-US\",\"@id\":\"https:\\\/\\\/esthetiquenovani.com\\\/boutique\\\/gammes\\\/laboratoire-dr-renaud\\\/4-cremes-de-jour-et-de-nuit\\\/dr-renaud-double-action-protection-et-hydratation-extreme-plein-air\\\/#primaryimage\",\"url\":\"https:\\\/\\\/esthetiquenovani.com\\\/wp-content\\\/uploads\\\/2021\\\/01\\\/10454-DoubleAction_50ml.jpg\",\"contentUrl\":\"https:\\\/\\\/esthetiquenovani.com\\\/wp-content\\\/uploads\\\/2021\\\/01\\\/10454-DoubleAction_50ml.jpg\",\"width\":1000,\"height\":1000,\"caption\":\"laboratoire dr renaud - double action boutique en ligne esth\u00e9ticienne longueuil\"},{\"@type\":\"BreadcrumbList\",\"@id\":\"https:\\\/\\\/esthetiquenovani.com\\\/boutique\\\/gammes\\\/laboratoire-dr-renaud\\\/4-cremes-de-jour-et-de-nuit\\\/dr-renaud-double-action-protection-et-hydratation-extreme-plein-air\\\/#breadcrumb\",\"itemListElement\":[{\"@type\":\"ListItem\",\"position\":1,\"name\":\"Accueil\",\"item\":\"https:\\\/\\\/esthetiquenovani.com\\\/en\\\/\"},{\"@type\":\"ListItem\",\"position\":2,\"name\":\"Boutique\",\"item\":\"https:\\\/\\\/esthetiquenovani.com\\\/boutique\\\/\"},{\"@type\":\"ListItem\",\"position\":3,\"name\":\"Dr Renaud &#8211; Double Action \u2013 Protection et hydratation extr\u00eame plein air\"}]},{\"@type\":\"WebSite\",\"@id\":\"https:\\\/\\\/esthetiquenovani.com\\\/#website\",\"url\":\"https:\\\/\\\/esthetiquenovani.com\\\/\",\"name\":\"Clinique d'Esth&eacute;tique Novani\",\"description\":\"Brossard, Longueil &amp; Chambly\",\"publisher\":{\"@id\":\"https:\\\/\\\/esthetiquenovani.com\\\/#organization\"},\"potentialAction\":[{\"@type\":\"SearchAction\",\"target\":{\"@type\":\"EntryPoint\",\"urlTemplate\":\"https:\\\/\\\/esthetiquenovani.com\\\/?s={search_term_string}\"},\"query-input\":{\"@type\":\"PropertyValueSpecification\",\"valueRequired\":true,\"valueName\":\"search_term_string\"}}],\"inLanguage\":\"en-US\"},{\"@type\":\"Organization\",\"@id\":\"https:\\\/\\\/esthetiquenovani.com\\\/#organization\",\"name\":\"Esth\u00e9tique Huguette Turcotte\",\"url\":\"https:\\\/\\\/esthetiquenovani.com\\\/\",\"logo\":{\"@type\":\"ImageObject\",\"inLanguage\":\"en-US\",\"@id\":\"https:\\\/\\\/esthetiquenovani.com\\\/#\\\/schema\\\/logo\\\/image\\\/\",\"url\":\"https:\\\/\\\/esthetiquenovani.com\\\/wp-content\\\/uploads\\\/2018\\\/01\\\/qui-sommes-nous.jpg\",\"contentUrl\":\"https:\\\/\\\/esthetiquenovani.com\\\/wp-content\\\/uploads\\\/2018\\\/01\\\/qui-sommes-nous.jpg\",\"width\":637,\"height\":425,\"caption\":\"Esth\u00e9tique Huguette Turcotte\"},\"image\":{\"@id\":\"https:\\\/\\\/esthetiquenovani.com\\\/#\\\/schema\\\/logo\\\/image\\\/\"},\"sameAs\":[\"https:\\\/\\\/www.facebook.com\\\/esthetiquehturcotte\"]}]}<\/script>\n<!-- \/ Yoast SEO plugin. -->","yoast_head_json":{"title":"Cr\u00e8me Protection et hydratation extr\u00eame plein air | Dr Renaud Longueuil","description":"Prot\u00e8ge efficacement la peau, sa formule est id\u00e9ale pour les sportifs adeptes d\u2019activit\u00e9s ext\u00e9rieures. Tr\u00e8s hydratante","robots":{"index":"index","follow":"follow","max-snippet":"max-snippet:-1","max-image-preview":"max-image-preview:large","max-video-preview":"max-video-preview:-1"},"canonical":"https:\/\/esthetiquenovani.com\/boutique\/gammes\/laboratoire-dr-renaud\/4-cremes-de-jour-et-de-nuit\/dr-renaud-double-action-protection-et-hydratation-extreme-plein-air\/","og_locale":"en_US","og_type":"article","og_title":"Cr\u00e8me Protection et hydratation extr\u00eame plein air | Dr Renaud Longueuil","og_description":"Prot\u00e8ge efficacement la peau, sa formule est id\u00e9ale pour les sportifs adeptes d\u2019activit\u00e9s ext\u00e9rieures. Tr\u00e8s hydratante","og_url":"https:\/\/esthetiquenovani.com\/boutique\/gammes\/laboratoire-dr-renaud\/4-cremes-de-jour-et-de-nuit\/dr-renaud-double-action-protection-et-hydratation-extreme-plein-air\/","og_site_name":"Clinique d'Esth&eacute;tique Novani","article_publisher":"https:\/\/www.facebook.com\/esthetiquehturcotte","article_modified_time":"2026-02-05T14:57:53+00:00","og_image":[{"width":1000,"height":1000,"url":"https:\/\/esthetiquenovani.com\/wp-content\/uploads\/2021\/01\/10454-DoubleAction_50ml.jpg","type":"image\/jpeg"}],"twitter_card":"summary_large_image","schema":{"@context":"https:\/\/schema.org","@graph":[{"@type":"WebPage","@id":"https:\/\/esthetiquenovani.com\/boutique\/gammes\/laboratoire-dr-renaud\/4-cremes-de-jour-et-de-nuit\/dr-renaud-double-action-protection-et-hydratation-extreme-plein-air\/","url":"https:\/\/esthetiquenovani.com\/boutique\/gammes\/laboratoire-dr-renaud\/4-cremes-de-jour-et-de-nuit\/dr-renaud-double-action-protection-et-hydratation-extreme-plein-air\/","name":"Cr\u00e8me Protection et hydratation extr\u00eame plein air | Dr Renaud Longueuil","isPartOf":{"@id":"https:\/\/esthetiquenovani.com\/#website"},"primaryImageOfPage":{"@id":"https:\/\/esthetiquenovani.com\/boutique\/gammes\/laboratoire-dr-renaud\/4-cremes-de-jour-et-de-nuit\/dr-renaud-double-action-protection-et-hydratation-extreme-plein-air\/#primaryimage"},"image":{"@id":"https:\/\/esthetiquenovani.com\/boutique\/gammes\/laboratoire-dr-renaud\/4-cremes-de-jour-et-de-nuit\/dr-renaud-double-action-protection-et-hydratation-extreme-plein-air\/#primaryimage"},"thumbnailUrl":"https:\/\/esthetiquenovani.com\/wp-content\/uploads\/2021\/01\/10454-DoubleAction_50ml.jpg","datePublished":"2021-01-29T03:27:56+00:00","dateModified":"2026-02-05T14:57:53+00:00","description":"Prot\u00e8ge efficacement la peau, sa formule est id\u00e9ale pour les sportifs adeptes d\u2019activit\u00e9s ext\u00e9rieures. Tr\u00e8s hydratante","breadcrumb":{"@id":"https:\/\/esthetiquenovani.com\/boutique\/gammes\/laboratoire-dr-renaud\/4-cremes-de-jour-et-de-nuit\/dr-renaud-double-action-protection-et-hydratation-extreme-plein-air\/#breadcrumb"},"inLanguage":"en-US","potentialAction":[{"@type":"ReadAction","target":["https:\/\/esthetiquenovani.com\/boutique\/gammes\/laboratoire-dr-renaud\/4-cremes-de-jour-et-de-nuit\/dr-renaud-double-action-protection-et-hydratation-extreme-plein-air\/"]}]},{"@type":"ImageObject","inLanguage":"en-US","@id":"https:\/\/esthetiquenovani.com\/boutique\/gammes\/laboratoire-dr-renaud\/4-cremes-de-jour-et-de-nuit\/dr-renaud-double-action-protection-et-hydratation-extreme-plein-air\/#primaryimage","url":"https:\/\/esthetiquenovani.com\/wp-content\/uploads\/2021\/01\/10454-DoubleAction_50ml.jpg","contentUrl":"https:\/\/esthetiquenovani.com\/wp-content\/uploads\/2021\/01\/10454-DoubleAction_50ml.jpg","width":1000,"height":1000,"caption":"laboratoire dr renaud - double action boutique en ligne esth\u00e9ticienne longueuil"},{"@type":"BreadcrumbList","@id":"https:\/\/esthetiquenovani.com\/boutique\/gammes\/laboratoire-dr-renaud\/4-cremes-de-jour-et-de-nuit\/dr-renaud-double-action-protection-et-hydratation-extreme-plein-air\/#breadcrumb","itemListElement":[{"@type":"ListItem","position":1,"name":"Accueil","item":"https:\/\/esthetiquenovani.com\/en\/"},{"@type":"ListItem","position":2,"name":"Boutique","item":"https:\/\/esthetiquenovani.com\/boutique\/"},{"@type":"ListItem","position":3,"name":"Dr Renaud &#8211; Double Action \u2013 Protection et hydratation extr\u00eame plein air"}]},{"@type":"WebSite","@id":"https:\/\/esthetiquenovani.com\/#website","url":"https:\/\/esthetiquenovani.com\/","name":"Clinique d'Esth&eacute;tique Novani","description":"Brossard, Longueil &amp; Chambly","publisher":{"@id":"https:\/\/esthetiquenovani.com\/#organization"},"potentialAction":[{"@type":"SearchAction","target":{"@type":"EntryPoint","urlTemplate":"https:\/\/esthetiquenovani.com\/?s={search_term_string}"},"query-input":{"@type":"PropertyValueSpecification","valueRequired":true,"valueName":"search_term_string"}}],"inLanguage":"en-US"},{"@type":"Organization","@id":"https:\/\/esthetiquenovani.com\/#organization","name":"Esth\u00e9tique Huguette Turcotte","url":"https:\/\/esthetiquenovani.com\/","logo":{"@type":"ImageObject","inLanguage":"en-US","@id":"https:\/\/esthetiquenovani.com\/#\/schema\/logo\/image\/","url":"https:\/\/esthetiquenovani.com\/wp-content\/uploads\/2018\/01\/qui-sommes-nous.jpg","contentUrl":"https:\/\/esthetiquenovani.com\/wp-content\/uploads\/2018\/01\/qui-sommes-nous.jpg","width":637,"height":425,"caption":"Esth\u00e9tique Huguette Turcotte"},"image":{"@id":"https:\/\/esthetiquenovani.com\/#\/schema\/logo\/image\/"},"sameAs":["https:\/\/www.facebook.com\/esthetiquehturcotte"]}]}},"_links":{"self":[{"href":"https:\/\/esthetiquenovani.com\/en\/wp-json\/wp\/v2\/product\/7442","targetHints":{"allow":["GET"]}}],"collection":[{"href":"https:\/\/esthetiquenovani.com\/en\/wp-json\/wp\/v2\/product"}],"about":[{"href":"https:\/\/esthetiquenovani.com\/en\/wp-json\/wp\/v2\/types\/product"}],"wp:featuredmedia":[{"embeddable":true,"href":"https:\/\/esthetiquenovani.com\/en\/wp-json\/wp\/v2\/media\/7444"}],"wp:attachment":[{"href":"https:\/\/esthetiquenovani.com\/en\/wp-json\/wp\/v2\/media?parent=7442"}],"wp:term":[{"taxonomy":"product_brand","embeddable":true,"href":"https:\/\/esthetiquenovani.com\/en\/wp-json\/wp\/v2\/product_brand?post=7442"},{"taxonomy":"product_cat","embeddable":true,"href":"https:\/\/esthetiquenovani.com\/en\/wp-json\/wp\/v2\/product_cat?post=7442"},{"taxonomy":"product_tag","embeddable":true,"href":"https:\/\/esthetiquenovani.com\/en\/wp-json\/wp\/v2\/product_tag?post=7442"}],"curies":[{"name":"wp","href":"https:\/\/api.w.org\/{rel}","templated":true}]}}