{"id":8090,"date":"2021-10-13T21:49:43","date_gmt":"2021-10-14T01:49:43","guid":{"rendered":"https:\/\/esthetiquenovani.com\/?post_type=product&#038;p=8090"},"modified":"2023-11-20T13:37:04","modified_gmt":"2023-11-20T18:37:04","slug":"esthederm-excellage-creme-baume-excellage","status":"publish","type":"product","link":"https:\/\/esthetiquenovani.com\/en\/boutique\/gammes\/esthederm-meilleures-cremes-anti-rides-estheticienne-longueuil\/cremes-gels-et-baumes\/esthederm-excellage-creme-baume-excellage\/","title":{"rendered":"Esthederm &#8211; Excellage &#8211; CR\u00c8ME-BAUME EXCELLAGE"},"content":{"rendered":"<p>Les bienfaits de la Cr\u00e8me-Baume Excellage :<\/p>\n<p>\u2022Redensifie : La Technologie Repair+, associ\u00e9e \u00e0 un peptide biomim\u00e9tique, restructure et raffermit la peau.<br \/>\n\u2022 Nourrit : l&#8217;huile de cam\u00e9lia, riche en om\u00e9ga 3-6-9, nourrit intens\u00e9ment la peau et assure une meilleur coh\u00e9sion au niveau de l&#8217;\u00e9piderme.<br \/>\n\u2022 Renforce et prot\u00e8ge : un trio de cires v\u00e9g\u00e9tales (mimosa, jojoba, tournesol) renforce la barri\u00e8re cutan\u00e9e, tandis que la technologie brevet\u00e9e GOLBAL CELLULAR PROTECTION prot\u00e8ge la peau des agressions environnementales responsables de son vieillissement.<br \/>\n\u2022 Illumine et lisse : un glycobiopolym\u00e8re d&#8217;origine v\u00e9g\u00e9tale lisse la micro-surface pour mieux diffuser la lumi\u00e8re.<\/p>\n","protected":false},"excerpt":{"rendered":"<p>&nbsp;<\/p>\n<p>La premi\u00e8re CR\u00c8ME-BAUME Institut Esthederm qui r\u00e9active les connexines responsables des connexions cellulaires vitales et essentielles \u00e0 son maintien et fermet\u00e9.<\/p>\n<p>Nourrit intens\u00e9ment et durablement les peaux s\u00e8ches \u00e0 tr\u00e8s s\u00e8ches, redensifie durablement et redonne de l\u2019\u00e9clat.<\/p>\n<p>50ml<\/p>\n<div class=\"product-collateral toggle-content tabs\"><\/div>\n","protected":false},"featured_media":8091,"template":"","meta":{"_et_pb_use_builder":"","_et_pb_old_content":"","_et_gb_content_width":""},"product_brand":[],"product_cat":[99,62,51,50,61,53],"product_tag":[],"class_list":{"0":"post-8090","1":"product","2":"type-product","3":"status-publish","4":"has-post-thumbnail","6":"product_cat-cremes-gels-et-baumes","7":"product_cat-cremes","8":"product_cat-deshydratation-et-secheresse","9":"product_cat-esthederm-meilleures-cremes-anti-rides-estheticienne-longueuil","10":"product_cat-peaux-matures-et-perte-de-densite","11":"product_cat-taches-pigmentaires-et-teint-terne","13":"first","14":"instock","15":"taxable","16":"shipping-taxable","17":"purchasable","18":"product-type-simple"},"yoast_head":"<!-- This site is optimized with the Yoast SEO plugin v27.4 - https:\/\/yoast.com\/product\/yoast-seo-wordpress\/ -->\n<title>Meilleure cr\u00e8me antirides | Baume Excellage | Esthederm Longueuil<\/title>\n<meta name=\"description\" content=\"La meilleure gamme de produits anti-\u00e2ge et anti-rides est issue de chez Esthederm. Excellage redensifie, donne de l&#039;\u00e9clat, nourrie la peau.\" \/>\n<meta name=\"robots\" content=\"index, follow, max-snippet:-1, max-image-preview:large, max-video-preview:-1\" \/>\n<link rel=\"canonical\" href=\"https:\/\/esthetiquenovani.com\/boutique\/gammes\/esthederm-meilleures-cremes-anti-rides-estheticienne-longueuil\/cremes-gels-et-baumes\/esthederm-excellage-creme-baume-excellage\/\" \/>\n<meta property=\"og:locale\" content=\"en_US\" \/>\n<meta property=\"og:type\" content=\"article\" \/>\n<meta property=\"og:title\" content=\"Meilleure cr\u00e8me antirides | Baume Excellage | Esthederm Longueuil\" \/>\n<meta property=\"og:description\" content=\"La meilleure gamme de produits anti-\u00e2ge et anti-rides est issue de chez Esthederm. Excellage redensifie, donne de l&#039;\u00e9clat, nourrie la peau.\" \/>\n<meta property=\"og:url\" content=\"https:\/\/esthetiquenovani.com\/boutique\/gammes\/esthederm-meilleures-cremes-anti-rides-estheticienne-longueuil\/cremes-gels-et-baumes\/esthederm-excellage-creme-baume-excellage\/\" \/>\n<meta property=\"og:site_name\" content=\"Clinique d&#039;Esth&eacute;tique Novani\" \/>\n<meta property=\"article:publisher\" content=\"https:\/\/www.facebook.com\/esthetiquehturcotte\" \/>\n<meta property=\"article:modified_time\" content=\"2023-11-20T18:37:04+00:00\" \/>\n<meta property=\"og:image\" content=\"https:\/\/esthetiquenovani.com\/wp-content\/uploads\/2021\/10\/ie_v243500_excellage_balm_cream_j_50ml_shadow_web-new.jpg\" \/>\n\t<meta property=\"og:image:width\" content=\"600\" \/>\n\t<meta property=\"og:image:height\" content=\"900\" \/>\n\t<meta property=\"og:image:type\" content=\"image\/jpeg\" \/>\n<meta name=\"twitter:card\" content=\"summary_large_image\" \/>\n<meta name=\"twitter:label1\" content=\"Est. reading time\" \/>\n\t<meta name=\"twitter:data1\" content=\"1 minute\" \/>\n<script type=\"application\/ld+json\" class=\"yoast-schema-graph\">{\"@context\":\"https:\\\/\\\/schema.org\",\"@graph\":[{\"@type\":\"WebPage\",\"@id\":\"https:\\\/\\\/esthetiquenovani.com\\\/boutique\\\/gammes\\\/esthederm-meilleures-cremes-anti-rides-estheticienne-longueuil\\\/cremes-gels-et-baumes\\\/esthederm-excellage-creme-baume-excellage\\\/\",\"url\":\"https:\\\/\\\/esthetiquenovani.com\\\/boutique\\\/gammes\\\/esthederm-meilleures-cremes-anti-rides-estheticienne-longueuil\\\/cremes-gels-et-baumes\\\/esthederm-excellage-creme-baume-excellage\\\/\",\"name\":\"Meilleure cr\u00e8me antirides | Baume Excellage | Esthederm Longueuil\",\"isPartOf\":{\"@id\":\"https:\\\/\\\/esthetiquenovani.com\\\/#website\"},\"primaryImageOfPage\":{\"@id\":\"https:\\\/\\\/esthetiquenovani.com\\\/boutique\\\/gammes\\\/esthederm-meilleures-cremes-anti-rides-estheticienne-longueuil\\\/cremes-gels-et-baumes\\\/esthederm-excellage-creme-baume-excellage\\\/#primaryimage\"},\"image\":{\"@id\":\"https:\\\/\\\/esthetiquenovani.com\\\/boutique\\\/gammes\\\/esthederm-meilleures-cremes-anti-rides-estheticienne-longueuil\\\/cremes-gels-et-baumes\\\/esthederm-excellage-creme-baume-excellage\\\/#primaryimage\"},\"thumbnailUrl\":\"https:\\\/\\\/esthetiquenovani.com\\\/wp-content\\\/uploads\\\/2021\\\/10\\\/ie_v243500_excellage_balm_cream_j_50ml_shadow_web-new.jpg\",\"datePublished\":\"2021-10-14T01:49:43+00:00\",\"dateModified\":\"2023-11-20T18:37:04+00:00\",\"description\":\"La meilleure gamme de produits anti-\u00e2ge et anti-rides est issue de chez Esthederm. Excellage redensifie, donne de l'\u00e9clat, nourrie la peau.\",\"breadcrumb\":{\"@id\":\"https:\\\/\\\/esthetiquenovani.com\\\/boutique\\\/gammes\\\/esthederm-meilleures-cremes-anti-rides-estheticienne-longueuil\\\/cremes-gels-et-baumes\\\/esthederm-excellage-creme-baume-excellage\\\/#breadcrumb\"},\"inLanguage\":\"en-US\",\"potentialAction\":[{\"@type\":\"ReadAction\",\"target\":[\"https:\\\/\\\/esthetiquenovani.com\\\/boutique\\\/gammes\\\/esthederm-meilleures-cremes-anti-rides-estheticienne-longueuil\\\/cremes-gels-et-baumes\\\/esthederm-excellage-creme-baume-excellage\\\/\"]}]},{\"@type\":\"ImageObject\",\"inLanguage\":\"en-US\",\"@id\":\"https:\\\/\\\/esthetiquenovani.com\\\/boutique\\\/gammes\\\/esthederm-meilleures-cremes-anti-rides-estheticienne-longueuil\\\/cremes-gels-et-baumes\\\/esthederm-excellage-creme-baume-excellage\\\/#primaryimage\",\"url\":\"https:\\\/\\\/esthetiquenovani.com\\\/wp-content\\\/uploads\\\/2021\\\/10\\\/ie_v243500_excellage_balm_cream_j_50ml_shadow_web-new.jpg\",\"contentUrl\":\"https:\\\/\\\/esthetiquenovani.com\\\/wp-content\\\/uploads\\\/2021\\\/10\\\/ie_v243500_excellage_balm_cream_j_50ml_shadow_web-new.jpg\",\"width\":\"600\",\"height\":\"900\",\"caption\":\"Cr\u00e8me Baume Excellage | Institut Esthederm | esth\u00e9ticienne Longueuil\"},{\"@type\":\"BreadcrumbList\",\"@id\":\"https:\\\/\\\/esthetiquenovani.com\\\/boutique\\\/gammes\\\/esthederm-meilleures-cremes-anti-rides-estheticienne-longueuil\\\/cremes-gels-et-baumes\\\/esthederm-excellage-creme-baume-excellage\\\/#breadcrumb\",\"itemListElement\":[{\"@type\":\"ListItem\",\"position\":1,\"name\":\"Accueil\",\"item\":\"https:\\\/\\\/esthetiquenovani.com\\\/en\\\/\"},{\"@type\":\"ListItem\",\"position\":2,\"name\":\"Boutique\",\"item\":\"https:\\\/\\\/esthetiquenovani.com\\\/boutique\\\/\"},{\"@type\":\"ListItem\",\"position\":3,\"name\":\"Esthederm &#8211; Excellage &#8211; CR\u00c8ME-BAUME EXCELLAGE\"}]},{\"@type\":\"WebSite\",\"@id\":\"https:\\\/\\\/esthetiquenovani.com\\\/#website\",\"url\":\"https:\\\/\\\/esthetiquenovani.com\\\/\",\"name\":\"Clinique d'Esth&eacute;tique Novani\",\"description\":\"Brossard, Longueil &amp; Chambly\",\"publisher\":{\"@id\":\"https:\\\/\\\/esthetiquenovani.com\\\/#organization\"},\"potentialAction\":[{\"@type\":\"SearchAction\",\"target\":{\"@type\":\"EntryPoint\",\"urlTemplate\":\"https:\\\/\\\/esthetiquenovani.com\\\/?s={search_term_string}\"},\"query-input\":{\"@type\":\"PropertyValueSpecification\",\"valueRequired\":true,\"valueName\":\"search_term_string\"}}],\"inLanguage\":\"en-US\"},{\"@type\":\"Organization\",\"@id\":\"https:\\\/\\\/esthetiquenovani.com\\\/#organization\",\"name\":\"Esth\u00e9tique Huguette Turcotte\",\"url\":\"https:\\\/\\\/esthetiquenovani.com\\\/\",\"logo\":{\"@type\":\"ImageObject\",\"inLanguage\":\"en-US\",\"@id\":\"https:\\\/\\\/esthetiquenovani.com\\\/#\\\/schema\\\/logo\\\/image\\\/\",\"url\":\"https:\\\/\\\/esthetiquenovani.com\\\/wp-content\\\/uploads\\\/2018\\\/01\\\/qui-sommes-nous.jpg\",\"contentUrl\":\"https:\\\/\\\/esthetiquenovani.com\\\/wp-content\\\/uploads\\\/2018\\\/01\\\/qui-sommes-nous.jpg\",\"width\":637,\"height\":425,\"caption\":\"Esth\u00e9tique Huguette Turcotte\"},\"image\":{\"@id\":\"https:\\\/\\\/esthetiquenovani.com\\\/#\\\/schema\\\/logo\\\/image\\\/\"},\"sameAs\":[\"https:\\\/\\\/www.facebook.com\\\/esthetiquehturcotte\"]}]}<\/script>\n<!-- \/ Yoast SEO plugin. -->","yoast_head_json":{"title":"Meilleure cr\u00e8me antirides | Baume Excellage | Esthederm Longueuil","description":"La meilleure gamme de produits anti-\u00e2ge et anti-rides est issue de chez Esthederm. Excellage redensifie, donne de l'\u00e9clat, nourrie la peau.","robots":{"index":"index","follow":"follow","max-snippet":"max-snippet:-1","max-image-preview":"max-image-preview:large","max-video-preview":"max-video-preview:-1"},"canonical":"https:\/\/esthetiquenovani.com\/boutique\/gammes\/esthederm-meilleures-cremes-anti-rides-estheticienne-longueuil\/cremes-gels-et-baumes\/esthederm-excellage-creme-baume-excellage\/","og_locale":"en_US","og_type":"article","og_title":"Meilleure cr\u00e8me antirides | Baume Excellage | Esthederm Longueuil","og_description":"La meilleure gamme de produits anti-\u00e2ge et anti-rides est issue de chez Esthederm. Excellage redensifie, donne de l'\u00e9clat, nourrie la peau.","og_url":"https:\/\/esthetiquenovani.com\/boutique\/gammes\/esthederm-meilleures-cremes-anti-rides-estheticienne-longueuil\/cremes-gels-et-baumes\/esthederm-excellage-creme-baume-excellage\/","og_site_name":"Clinique d'Esth&eacute;tique Novani","article_publisher":"https:\/\/www.facebook.com\/esthetiquehturcotte","article_modified_time":"2023-11-20T18:37:04+00:00","og_image":[{"width":600,"height":900,"url":"https:\/\/esthetiquenovani.com\/wp-content\/uploads\/2021\/10\/ie_v243500_excellage_balm_cream_j_50ml_shadow_web-new.jpg","type":"image\/jpeg"}],"twitter_card":"summary_large_image","twitter_misc":{"Est. reading time":"1 minute"},"schema":{"@context":"https:\/\/schema.org","@graph":[{"@type":"WebPage","@id":"https:\/\/esthetiquenovani.com\/boutique\/gammes\/esthederm-meilleures-cremes-anti-rides-estheticienne-longueuil\/cremes-gels-et-baumes\/esthederm-excellage-creme-baume-excellage\/","url":"https:\/\/esthetiquenovani.com\/boutique\/gammes\/esthederm-meilleures-cremes-anti-rides-estheticienne-longueuil\/cremes-gels-et-baumes\/esthederm-excellage-creme-baume-excellage\/","name":"Meilleure cr\u00e8me antirides | Baume Excellage | Esthederm Longueuil","isPartOf":{"@id":"https:\/\/esthetiquenovani.com\/#website"},"primaryImageOfPage":{"@id":"https:\/\/esthetiquenovani.com\/boutique\/gammes\/esthederm-meilleures-cremes-anti-rides-estheticienne-longueuil\/cremes-gels-et-baumes\/esthederm-excellage-creme-baume-excellage\/#primaryimage"},"image":{"@id":"https:\/\/esthetiquenovani.com\/boutique\/gammes\/esthederm-meilleures-cremes-anti-rides-estheticienne-longueuil\/cremes-gels-et-baumes\/esthederm-excellage-creme-baume-excellage\/#primaryimage"},"thumbnailUrl":"https:\/\/esthetiquenovani.com\/wp-content\/uploads\/2021\/10\/ie_v243500_excellage_balm_cream_j_50ml_shadow_web-new.jpg","datePublished":"2021-10-14T01:49:43+00:00","dateModified":"2023-11-20T18:37:04+00:00","description":"La meilleure gamme de produits anti-\u00e2ge et anti-rides est issue de chez Esthederm. Excellage redensifie, donne de l'\u00e9clat, nourrie la peau.","breadcrumb":{"@id":"https:\/\/esthetiquenovani.com\/boutique\/gammes\/esthederm-meilleures-cremes-anti-rides-estheticienne-longueuil\/cremes-gels-et-baumes\/esthederm-excellage-creme-baume-excellage\/#breadcrumb"},"inLanguage":"en-US","potentialAction":[{"@type":"ReadAction","target":["https:\/\/esthetiquenovani.com\/boutique\/gammes\/esthederm-meilleures-cremes-anti-rides-estheticienne-longueuil\/cremes-gels-et-baumes\/esthederm-excellage-creme-baume-excellage\/"]}]},{"@type":"ImageObject","inLanguage":"en-US","@id":"https:\/\/esthetiquenovani.com\/boutique\/gammes\/esthederm-meilleures-cremes-anti-rides-estheticienne-longueuil\/cremes-gels-et-baumes\/esthederm-excellage-creme-baume-excellage\/#primaryimage","url":"https:\/\/esthetiquenovani.com\/wp-content\/uploads\/2021\/10\/ie_v243500_excellage_balm_cream_j_50ml_shadow_web-new.jpg","contentUrl":"https:\/\/esthetiquenovani.com\/wp-content\/uploads\/2021\/10\/ie_v243500_excellage_balm_cream_j_50ml_shadow_web-new.jpg","width":"600","height":"900","caption":"Cr\u00e8me Baume Excellage | Institut Esthederm | esth\u00e9ticienne Longueuil"},{"@type":"BreadcrumbList","@id":"https:\/\/esthetiquenovani.com\/boutique\/gammes\/esthederm-meilleures-cremes-anti-rides-estheticienne-longueuil\/cremes-gels-et-baumes\/esthederm-excellage-creme-baume-excellage\/#breadcrumb","itemListElement":[{"@type":"ListItem","position":1,"name":"Accueil","item":"https:\/\/esthetiquenovani.com\/en\/"},{"@type":"ListItem","position":2,"name":"Boutique","item":"https:\/\/esthetiquenovani.com\/boutique\/"},{"@type":"ListItem","position":3,"name":"Esthederm &#8211; Excellage &#8211; CR\u00c8ME-BAUME EXCELLAGE"}]},{"@type":"WebSite","@id":"https:\/\/esthetiquenovani.com\/#website","url":"https:\/\/esthetiquenovani.com\/","name":"Clinique d'Esth&eacute;tique Novani","description":"Brossard, Longueil &amp; Chambly","publisher":{"@id":"https:\/\/esthetiquenovani.com\/#organization"},"potentialAction":[{"@type":"SearchAction","target":{"@type":"EntryPoint","urlTemplate":"https:\/\/esthetiquenovani.com\/?s={search_term_string}"},"query-input":{"@type":"PropertyValueSpecification","valueRequired":true,"valueName":"search_term_string"}}],"inLanguage":"en-US"},{"@type":"Organization","@id":"https:\/\/esthetiquenovani.com\/#organization","name":"Esth\u00e9tique Huguette Turcotte","url":"https:\/\/esthetiquenovani.com\/","logo":{"@type":"ImageObject","inLanguage":"en-US","@id":"https:\/\/esthetiquenovani.com\/#\/schema\/logo\/image\/","url":"https:\/\/esthetiquenovani.com\/wp-content\/uploads\/2018\/01\/qui-sommes-nous.jpg","contentUrl":"https:\/\/esthetiquenovani.com\/wp-content\/uploads\/2018\/01\/qui-sommes-nous.jpg","width":637,"height":425,"caption":"Esth\u00e9tique Huguette Turcotte"},"image":{"@id":"https:\/\/esthetiquenovani.com\/#\/schema\/logo\/image\/"},"sameAs":["https:\/\/www.facebook.com\/esthetiquehturcotte"]}]}},"_links":{"self":[{"href":"https:\/\/esthetiquenovani.com\/en\/wp-json\/wp\/v2\/product\/8090","targetHints":{"allow":["GET"]}}],"collection":[{"href":"https:\/\/esthetiquenovani.com\/en\/wp-json\/wp\/v2\/product"}],"about":[{"href":"https:\/\/esthetiquenovani.com\/en\/wp-json\/wp\/v2\/types\/product"}],"wp:featuredmedia":[{"embeddable":true,"href":"https:\/\/esthetiquenovani.com\/en\/wp-json\/wp\/v2\/media\/8091"}],"wp:attachment":[{"href":"https:\/\/esthetiquenovani.com\/en\/wp-json\/wp\/v2\/media?parent=8090"}],"wp:term":[{"taxonomy":"product_brand","embeddable":true,"href":"https:\/\/esthetiquenovani.com\/en\/wp-json\/wp\/v2\/product_brand?post=8090"},{"taxonomy":"product_cat","embeddable":true,"href":"https:\/\/esthetiquenovani.com\/en\/wp-json\/wp\/v2\/product_cat?post=8090"},{"taxonomy":"product_tag","embeddable":true,"href":"https:\/\/esthetiquenovani.com\/en\/wp-json\/wp\/v2\/product_tag?post=8090"}],"curies":[{"name":"wp","href":"https:\/\/api.w.org\/{rel}","templated":true}]}}