{"id":8566,"date":"2022-02-24T14:48:04","date_gmt":"2022-02-24T19:48:04","guid":{"rendered":"https:\/\/esthetiquenovani.com\/?post_type=product&#038;p=8566"},"modified":"2026-02-05T09:57:20","modified_gmt":"2026-02-05T14:57:20","slug":"dr-renaud-nouveau-uv-science-haute-protection-minerale-fps-50","status":"publish","type":"product","link":"https:\/\/esthetiquenovani.com\/en\/boutique\/gammes\/laboratoire-dr-renaud\/4-cremes-de-jour-et-de-nuit\/dr-renaud-nouveau-uv-science-haute-protection-minerale-fps-50\/","title":{"rendered":"Dr Renaud &#8211; UV Science+ Haute Protection Min\u00e9rale &#8211; FPS 50"},"content":{"rendered":"<p>Efficace d\u00e8s l\u2019application !\u00a0 Prot\u00e8ge des coups de soleil et du vieillissement pr\u00e9matur\u00e9.<br \/>\nPr\u00e9vient l\u2019apparition ou l\u2019aggravation des taches pigmentaires.<br \/>\nPr\u00e9vient l\u2019aggravation des signes cliniques de la rosac\u00e9e.<br \/>\nProt\u00e8ge la peau sensible ou fragilis\u00e9e contre les agressions ext\u00e9rieures.<br \/>\nR\u00e9g\u00e9n\u00e8re la barri\u00e8re cutan\u00e9e protectrice et diminue les risques de r\u00e9action cutan\u00e9e.<\/p>\n","protected":false},"excerpt":{"rendered":"<p>Cr\u00e8me de soin quotidien \u00e0 large spectre UVA\/UVB\u00a0avec filtres 100% min\u00e9raux\u00a0et une l\u00e9g\u00e8re teinte universelle pour att\u00e9nuer l&#8217;effet blanchissant des cr\u00e8mes solaires min\u00e9rales. Pour tous les types de peaux, incluant les peaux sensibles ou momentan\u00e9ment fragilis\u00e9es. Protection solaire parfaite pour les FEMMES ENCEINTES afin de pr\u00e9venir le m\u00e9lasma (masque de grossesse)<\/p>\n<p>Formule haute-performance : sans filtres chimiques, sans parab\u00e8nes, sans alcool, sans gluten, sans parfum, formule respectueuse des oc\u00e9ans et s\u00e9curitaire pour les r\u00e9cifs coralliens.<\/p>\n","protected":false},"featured_media":231682,"template":"","meta":{"_et_pb_use_builder":"","_et_pb_old_content":"","_et_gb_content_width":""},"product_brand":[],"product_cat":[109,113,68,66,53],"product_tag":[],"class_list":{"0":"post-8566","1":"product","2":"type-product","3":"status-publish","4":"has-post-thumbnail","6":"product_cat-4-cremes-de-jour-et-de-nuit","7":"product_cat-solaires-celldefense","8":"product_cat-laboratoire-dr-renaud","9":"product_cat-solaire","10":"product_cat-taches-pigmentaires-et-teint-terne","12":"first","13":"instock","14":"taxable","15":"shipping-taxable","16":"purchasable","17":"product-type-simple"},"yoast_head":"<!-- This site is optimized with the Yoast SEO plugin v27.4 - https:\/\/yoast.com\/product\/yoast-seo-wordpress\/ -->\n<title>\u00c9cran solaire min\u00e9ral FPS 50 | Laboratoire Dr Renaud | Longueuil<\/title>\n<meta name=\"description\" content=\"\u00c9cran Solaire \u00e0 Large spectre UVA\/UVB\u00a0avec filtres 100% min\u00e9raux. L\u00e9g\u00e8rement teint\u00e9 pour att\u00e9nuer l&#039;effet blanc des cr\u00e8mes solaires min\u00e9rales\" \/>\n<meta name=\"robots\" content=\"index, follow, max-snippet:-1, max-image-preview:large, max-video-preview:-1\" \/>\n<link rel=\"canonical\" href=\"https:\/\/esthetiquenovani.com\/boutique\/gammes\/laboratoire-dr-renaud\/4-cremes-de-jour-et-de-nuit\/dr-renaud-nouveau-uv-science-haute-protection-minerale-fps-50\/\" \/>\n<meta property=\"og:locale\" content=\"en_US\" \/>\n<meta property=\"og:type\" content=\"article\" \/>\n<meta property=\"og:title\" content=\"\u00c9cran solaire min\u00e9ral FPS 50 | Laboratoire Dr Renaud | Longueuil\" \/>\n<meta property=\"og:description\" content=\"\u00c9cran Solaire \u00e0 Large spectre UVA\/UVB\u00a0avec filtres 100% min\u00e9raux. L\u00e9g\u00e8rement teint\u00e9 pour att\u00e9nuer l&#039;effet blanc des cr\u00e8mes solaires min\u00e9rales\" \/>\n<meta property=\"og:url\" content=\"https:\/\/esthetiquenovani.com\/boutique\/gammes\/laboratoire-dr-renaud\/4-cremes-de-jour-et-de-nuit\/dr-renaud-nouveau-uv-science-haute-protection-minerale-fps-50\/\" \/>\n<meta property=\"og:site_name\" content=\"Clinique d&#039;Esth&eacute;tique Novani\" \/>\n<meta property=\"article:publisher\" content=\"https:\/\/www.facebook.com\/esthetiquehturcotte\" \/>\n<meta property=\"article:modified_time\" content=\"2026-02-05T14:57:20+00:00\" \/>\n<meta property=\"og:image\" content=\"https:\/\/esthetiquenovani.com\/wp-content\/uploads\/2022\/02\/UV-Science-50-Protection-solaire-minerale-FPS50-Esthetique-Novani.jpg\" \/>\n\t<meta property=\"og:image:width\" content=\"800\" \/>\n\t<meta property=\"og:image:height\" content=\"800\" \/>\n\t<meta property=\"og:image:type\" content=\"image\/jpeg\" \/>\n<meta name=\"twitter:card\" content=\"summary_large_image\" \/>\n<meta name=\"twitter:label1\" content=\"Est. reading time\" \/>\n\t<meta name=\"twitter:data1\" content=\"1 minute\" \/>\n<script type=\"application\/ld+json\" class=\"yoast-schema-graph\">{\"@context\":\"https:\\\/\\\/schema.org\",\"@graph\":[{\"@type\":\"WebPage\",\"@id\":\"https:\\\/\\\/esthetiquenovani.com\\\/boutique\\\/gammes\\\/laboratoire-dr-renaud\\\/4-cremes-de-jour-et-de-nuit\\\/dr-renaud-nouveau-uv-science-haute-protection-minerale-fps-50\\\/\",\"url\":\"https:\\\/\\\/esthetiquenovani.com\\\/boutique\\\/gammes\\\/laboratoire-dr-renaud\\\/4-cremes-de-jour-et-de-nuit\\\/dr-renaud-nouveau-uv-science-haute-protection-minerale-fps-50\\\/\",\"name\":\"\u00c9cran solaire min\u00e9ral FPS 50 | Laboratoire Dr Renaud | Longueuil\",\"isPartOf\":{\"@id\":\"https:\\\/\\\/esthetiquenovani.com\\\/#website\"},\"primaryImageOfPage\":{\"@id\":\"https:\\\/\\\/esthetiquenovani.com\\\/boutique\\\/gammes\\\/laboratoire-dr-renaud\\\/4-cremes-de-jour-et-de-nuit\\\/dr-renaud-nouveau-uv-science-haute-protection-minerale-fps-50\\\/#primaryimage\"},\"image\":{\"@id\":\"https:\\\/\\\/esthetiquenovani.com\\\/boutique\\\/gammes\\\/laboratoire-dr-renaud\\\/4-cremes-de-jour-et-de-nuit\\\/dr-renaud-nouveau-uv-science-haute-protection-minerale-fps-50\\\/#primaryimage\"},\"thumbnailUrl\":\"https:\\\/\\\/esthetiquenovani.com\\\/wp-content\\\/uploads\\\/2022\\\/02\\\/UV-Science-50-Protection-solaire-minerale-FPS50-Esthetique-Novani.jpg\",\"datePublished\":\"2022-02-24T19:48:04+00:00\",\"dateModified\":\"2026-02-05T14:57:20+00:00\",\"description\":\"\u00c9cran Solaire \u00e0 Large spectre UVA\\\/UVB\u00a0avec filtres 100% min\u00e9raux. L\u00e9g\u00e8rement teint\u00e9 pour att\u00e9nuer l'effet blanc des cr\u00e8mes solaires min\u00e9rales\",\"breadcrumb\":{\"@id\":\"https:\\\/\\\/esthetiquenovani.com\\\/boutique\\\/gammes\\\/laboratoire-dr-renaud\\\/4-cremes-de-jour-et-de-nuit\\\/dr-renaud-nouveau-uv-science-haute-protection-minerale-fps-50\\\/#breadcrumb\"},\"inLanguage\":\"en-US\",\"potentialAction\":[{\"@type\":\"ReadAction\",\"target\":[\"https:\\\/\\\/esthetiquenovani.com\\\/boutique\\\/gammes\\\/laboratoire-dr-renaud\\\/4-cremes-de-jour-et-de-nuit\\\/dr-renaud-nouveau-uv-science-haute-protection-minerale-fps-50\\\/\"]}]},{\"@type\":\"ImageObject\",\"inLanguage\":\"en-US\",\"@id\":\"https:\\\/\\\/esthetiquenovani.com\\\/boutique\\\/gammes\\\/laboratoire-dr-renaud\\\/4-cremes-de-jour-et-de-nuit\\\/dr-renaud-nouveau-uv-science-haute-protection-minerale-fps-50\\\/#primaryimage\",\"url\":\"https:\\\/\\\/esthetiquenovani.com\\\/wp-content\\\/uploads\\\/2022\\\/02\\\/UV-Science-50-Protection-solaire-minerale-FPS50-Esthetique-Novani.jpg\",\"contentUrl\":\"https:\\\/\\\/esthetiquenovani.com\\\/wp-content\\\/uploads\\\/2022\\\/02\\\/UV-Science-50-Protection-solaire-minerale-FPS50-Esthetique-Novani.jpg\",\"width\":800,\"height\":800},{\"@type\":\"BreadcrumbList\",\"@id\":\"https:\\\/\\\/esthetiquenovani.com\\\/boutique\\\/gammes\\\/laboratoire-dr-renaud\\\/4-cremes-de-jour-et-de-nuit\\\/dr-renaud-nouveau-uv-science-haute-protection-minerale-fps-50\\\/#breadcrumb\",\"itemListElement\":[{\"@type\":\"ListItem\",\"position\":1,\"name\":\"Accueil\",\"item\":\"https:\\\/\\\/esthetiquenovani.com\\\/en\\\/\"},{\"@type\":\"ListItem\",\"position\":2,\"name\":\"Boutique\",\"item\":\"https:\\\/\\\/esthetiquenovani.com\\\/boutique\\\/\"},{\"@type\":\"ListItem\",\"position\":3,\"name\":\"Dr Renaud &#8211; UV Science+ Haute Protection Min\u00e9rale &#8211; FPS 50\"}]},{\"@type\":\"WebSite\",\"@id\":\"https:\\\/\\\/esthetiquenovani.com\\\/#website\",\"url\":\"https:\\\/\\\/esthetiquenovani.com\\\/\",\"name\":\"Clinique d'Esth&eacute;tique Novani\",\"description\":\"Brossard, Longueil &amp; Chambly\",\"publisher\":{\"@id\":\"https:\\\/\\\/esthetiquenovani.com\\\/#organization\"},\"potentialAction\":[{\"@type\":\"SearchAction\",\"target\":{\"@type\":\"EntryPoint\",\"urlTemplate\":\"https:\\\/\\\/esthetiquenovani.com\\\/?s={search_term_string}\"},\"query-input\":{\"@type\":\"PropertyValueSpecification\",\"valueRequired\":true,\"valueName\":\"search_term_string\"}}],\"inLanguage\":\"en-US\"},{\"@type\":\"Organization\",\"@id\":\"https:\\\/\\\/esthetiquenovani.com\\\/#organization\",\"name\":\"Esth\u00e9tique Huguette Turcotte\",\"url\":\"https:\\\/\\\/esthetiquenovani.com\\\/\",\"logo\":{\"@type\":\"ImageObject\",\"inLanguage\":\"en-US\",\"@id\":\"https:\\\/\\\/esthetiquenovani.com\\\/#\\\/schema\\\/logo\\\/image\\\/\",\"url\":\"https:\\\/\\\/esthetiquenovani.com\\\/wp-content\\\/uploads\\\/2018\\\/01\\\/qui-sommes-nous.jpg\",\"contentUrl\":\"https:\\\/\\\/esthetiquenovani.com\\\/wp-content\\\/uploads\\\/2018\\\/01\\\/qui-sommes-nous.jpg\",\"width\":637,\"height\":425,\"caption\":\"Esth\u00e9tique Huguette Turcotte\"},\"image\":{\"@id\":\"https:\\\/\\\/esthetiquenovani.com\\\/#\\\/schema\\\/logo\\\/image\\\/\"},\"sameAs\":[\"https:\\\/\\\/www.facebook.com\\\/esthetiquehturcotte\"]}]}<\/script>\n<!-- \/ Yoast SEO plugin. -->","yoast_head_json":{"title":"\u00c9cran solaire min\u00e9ral FPS 50 | Laboratoire Dr Renaud | Longueuil","description":"\u00c9cran Solaire \u00e0 Large spectre UVA\/UVB\u00a0avec filtres 100% min\u00e9raux. L\u00e9g\u00e8rement teint\u00e9 pour att\u00e9nuer l'effet blanc des cr\u00e8mes solaires min\u00e9rales","robots":{"index":"index","follow":"follow","max-snippet":"max-snippet:-1","max-image-preview":"max-image-preview:large","max-video-preview":"max-video-preview:-1"},"canonical":"https:\/\/esthetiquenovani.com\/boutique\/gammes\/laboratoire-dr-renaud\/4-cremes-de-jour-et-de-nuit\/dr-renaud-nouveau-uv-science-haute-protection-minerale-fps-50\/","og_locale":"en_US","og_type":"article","og_title":"\u00c9cran solaire min\u00e9ral FPS 50 | Laboratoire Dr Renaud | Longueuil","og_description":"\u00c9cran Solaire \u00e0 Large spectre UVA\/UVB\u00a0avec filtres 100% min\u00e9raux. L\u00e9g\u00e8rement teint\u00e9 pour att\u00e9nuer l'effet blanc des cr\u00e8mes solaires min\u00e9rales","og_url":"https:\/\/esthetiquenovani.com\/boutique\/gammes\/laboratoire-dr-renaud\/4-cremes-de-jour-et-de-nuit\/dr-renaud-nouveau-uv-science-haute-protection-minerale-fps-50\/","og_site_name":"Clinique d'Esth&eacute;tique Novani","article_publisher":"https:\/\/www.facebook.com\/esthetiquehturcotte","article_modified_time":"2026-02-05T14:57:20+00:00","og_image":[{"width":800,"height":800,"url":"https:\/\/esthetiquenovani.com\/wp-content\/uploads\/2022\/02\/UV-Science-50-Protection-solaire-minerale-FPS50-Esthetique-Novani.jpg","type":"image\/jpeg"}],"twitter_card":"summary_large_image","twitter_misc":{"Est. reading time":"1 minute"},"schema":{"@context":"https:\/\/schema.org","@graph":[{"@type":"WebPage","@id":"https:\/\/esthetiquenovani.com\/boutique\/gammes\/laboratoire-dr-renaud\/4-cremes-de-jour-et-de-nuit\/dr-renaud-nouveau-uv-science-haute-protection-minerale-fps-50\/","url":"https:\/\/esthetiquenovani.com\/boutique\/gammes\/laboratoire-dr-renaud\/4-cremes-de-jour-et-de-nuit\/dr-renaud-nouveau-uv-science-haute-protection-minerale-fps-50\/","name":"\u00c9cran solaire min\u00e9ral FPS 50 | Laboratoire Dr Renaud | Longueuil","isPartOf":{"@id":"https:\/\/esthetiquenovani.com\/#website"},"primaryImageOfPage":{"@id":"https:\/\/esthetiquenovani.com\/boutique\/gammes\/laboratoire-dr-renaud\/4-cremes-de-jour-et-de-nuit\/dr-renaud-nouveau-uv-science-haute-protection-minerale-fps-50\/#primaryimage"},"image":{"@id":"https:\/\/esthetiquenovani.com\/boutique\/gammes\/laboratoire-dr-renaud\/4-cremes-de-jour-et-de-nuit\/dr-renaud-nouveau-uv-science-haute-protection-minerale-fps-50\/#primaryimage"},"thumbnailUrl":"https:\/\/esthetiquenovani.com\/wp-content\/uploads\/2022\/02\/UV-Science-50-Protection-solaire-minerale-FPS50-Esthetique-Novani.jpg","datePublished":"2022-02-24T19:48:04+00:00","dateModified":"2026-02-05T14:57:20+00:00","description":"\u00c9cran Solaire \u00e0 Large spectre UVA\/UVB\u00a0avec filtres 100% min\u00e9raux. L\u00e9g\u00e8rement teint\u00e9 pour att\u00e9nuer l'effet blanc des cr\u00e8mes solaires min\u00e9rales","breadcrumb":{"@id":"https:\/\/esthetiquenovani.com\/boutique\/gammes\/laboratoire-dr-renaud\/4-cremes-de-jour-et-de-nuit\/dr-renaud-nouveau-uv-science-haute-protection-minerale-fps-50\/#breadcrumb"},"inLanguage":"en-US","potentialAction":[{"@type":"ReadAction","target":["https:\/\/esthetiquenovani.com\/boutique\/gammes\/laboratoire-dr-renaud\/4-cremes-de-jour-et-de-nuit\/dr-renaud-nouveau-uv-science-haute-protection-minerale-fps-50\/"]}]},{"@type":"ImageObject","inLanguage":"en-US","@id":"https:\/\/esthetiquenovani.com\/boutique\/gammes\/laboratoire-dr-renaud\/4-cremes-de-jour-et-de-nuit\/dr-renaud-nouveau-uv-science-haute-protection-minerale-fps-50\/#primaryimage","url":"https:\/\/esthetiquenovani.com\/wp-content\/uploads\/2022\/02\/UV-Science-50-Protection-solaire-minerale-FPS50-Esthetique-Novani.jpg","contentUrl":"https:\/\/esthetiquenovani.com\/wp-content\/uploads\/2022\/02\/UV-Science-50-Protection-solaire-minerale-FPS50-Esthetique-Novani.jpg","width":800,"height":800},{"@type":"BreadcrumbList","@id":"https:\/\/esthetiquenovani.com\/boutique\/gammes\/laboratoire-dr-renaud\/4-cremes-de-jour-et-de-nuit\/dr-renaud-nouveau-uv-science-haute-protection-minerale-fps-50\/#breadcrumb","itemListElement":[{"@type":"ListItem","position":1,"name":"Accueil","item":"https:\/\/esthetiquenovani.com\/en\/"},{"@type":"ListItem","position":2,"name":"Boutique","item":"https:\/\/esthetiquenovani.com\/boutique\/"},{"@type":"ListItem","position":3,"name":"Dr Renaud &#8211; UV Science+ Haute Protection Min\u00e9rale &#8211; FPS 50"}]},{"@type":"WebSite","@id":"https:\/\/esthetiquenovani.com\/#website","url":"https:\/\/esthetiquenovani.com\/","name":"Clinique d'Esth&eacute;tique Novani","description":"Brossard, Longueil &amp; Chambly","publisher":{"@id":"https:\/\/esthetiquenovani.com\/#organization"},"potentialAction":[{"@type":"SearchAction","target":{"@type":"EntryPoint","urlTemplate":"https:\/\/esthetiquenovani.com\/?s={search_term_string}"},"query-input":{"@type":"PropertyValueSpecification","valueRequired":true,"valueName":"search_term_string"}}],"inLanguage":"en-US"},{"@type":"Organization","@id":"https:\/\/esthetiquenovani.com\/#organization","name":"Esth\u00e9tique Huguette Turcotte","url":"https:\/\/esthetiquenovani.com\/","logo":{"@type":"ImageObject","inLanguage":"en-US","@id":"https:\/\/esthetiquenovani.com\/#\/schema\/logo\/image\/","url":"https:\/\/esthetiquenovani.com\/wp-content\/uploads\/2018\/01\/qui-sommes-nous.jpg","contentUrl":"https:\/\/esthetiquenovani.com\/wp-content\/uploads\/2018\/01\/qui-sommes-nous.jpg","width":637,"height":425,"caption":"Esth\u00e9tique Huguette Turcotte"},"image":{"@id":"https:\/\/esthetiquenovani.com\/#\/schema\/logo\/image\/"},"sameAs":["https:\/\/www.facebook.com\/esthetiquehturcotte"]}]}},"_links":{"self":[{"href":"https:\/\/esthetiquenovani.com\/en\/wp-json\/wp\/v2\/product\/8566","targetHints":{"allow":["GET"]}}],"collection":[{"href":"https:\/\/esthetiquenovani.com\/en\/wp-json\/wp\/v2\/product"}],"about":[{"href":"https:\/\/esthetiquenovani.com\/en\/wp-json\/wp\/v2\/types\/product"}],"wp:featuredmedia":[{"embeddable":true,"href":"https:\/\/esthetiquenovani.com\/en\/wp-json\/wp\/v2\/media\/231682"}],"wp:attachment":[{"href":"https:\/\/esthetiquenovani.com\/en\/wp-json\/wp\/v2\/media?parent=8566"}],"wp:term":[{"taxonomy":"product_brand","embeddable":true,"href":"https:\/\/esthetiquenovani.com\/en\/wp-json\/wp\/v2\/product_brand?post=8566"},{"taxonomy":"product_cat","embeddable":true,"href":"https:\/\/esthetiquenovani.com\/en\/wp-json\/wp\/v2\/product_cat?post=8566"},{"taxonomy":"product_tag","embeddable":true,"href":"https:\/\/esthetiquenovani.com\/en\/wp-json\/wp\/v2\/product_tag?post=8566"}],"curies":[{"name":"wp","href":"https:\/\/api.w.org\/{rel}","templated":true}]}}